{"id":1114,"date":"2026-03-01T20:48:17","date_gmt":"2026-03-01T19:48:17","guid":{"rendered":"https:\/\/www.collectivememoryis.com\/?page_id=1114"},"modified":"2026-03-01T20:51:01","modified_gmt":"2026-03-01T19:51:01","slug":"artist-talk","status":"publish","type":"page","link":"https:\/\/www.collectivememoryis.com\/index.php\/en\/artist-talk\/","title":{"rendered":"Artist talk"},"content":{"rendered":"\t\t<div data-elementor-type=\"wp-page\" data-elementor-id=\"1114\" class=\"elementor elementor-1114\" data-elementor-post-type=\"page\">\n\t\t\t\t<div class=\"elementor-element elementor-element-618cd88 e-flex e-con-boxed e-con e-parent\" data-id=\"618cd88\" data-element_type=\"container\" data-e-type=\"container\">\n\t\t\t\t\t<div class=\"e-con-inner\">\n\t\t\t\t<div class=\"elementor-element elementor-element-0d1cd09 elementor-widget elementor-widget-spacer\" data-id=\"0d1cd09\" data-element_type=\"widget\" data-e-type=\"widget\" data-widget_type=\"spacer.default\">\n\t\t\t\t<div class=\"elementor-widget-container\">\n\t\t\t\t\t\t\t<div class=\"elementor-spacer\">\n\t\t\t<div class=\"elementor-spacer-inner\"><\/div>\n\t\t<\/div>\n\t\t\t\t\t\t<\/div>\n\t\t\t\t<\/div>\n\t\t<div class=\"elementor-element elementor-element-4459140 e-grid e-con-full e-con e-child\" data-id=\"4459140\" data-element_type=\"container\" data-e-type=\"container\">\n\t\t\t\t<div class=\"elementor-element elementor-element-9736307 elementor-widget elementor-widget-heading\" data-id=\"9736307\" data-element_type=\"widget\" data-e-type=\"widget\" data-widget_type=\"heading.default\">\n\t\t\t\t<div class=\"elementor-widget-container\">\n\t\t\t\t\t<h2 class=\"elementor-heading-title elementor-size-default\">Artist talk<\/h2>\t\t\t\t<\/div>\n\t\t\t\t<\/div>\n\t\t\t\t<\/div>\n\t\t<div class=\"elementor-element elementor-element-eaa11a3 e-grid e-con-full e-con e-child\" data-id=\"eaa11a3\" data-element_type=\"container\" data-e-type=\"container\">\n\t\t\t\t<div class=\"elementor-element elementor-element-d87684f elementor-widget__width-initial elementor-widget elementor-widget-text-editor\" data-id=\"d87684f\" data-element_type=\"widget\" data-e-type=\"widget\" data-widget_type=\"text-editor.default\">\n\t\t\t\t<div class=\"elementor-widget-container\">\n\t\t\t\t\t\t\t\t\t<p><span style=\"text-decoration: underline;\">7. 3. 2026 16:00<\/span><\/p>\n<p><u>H40, Hall 40 \u2013 space of The Chemistry Gallery<br><\/u>Bubensk\u00e9 n\u00e1b\u0159e\u017e\u00ed 306\/13, Prague 7<u><br><\/u><\/p>\n<div class=\"x14z9mp xat24cr x1lziwak x1vvkbs xtlvy1s\">\n<div class=\"x14z9mp xat24cr x1lziwak x1vvkbs xtlvy1s\">Artist talk by Latvian artist Krista Vindberga will introduce her artistic strategies, inspirational elements, and the technological processing of her works.<\/div>\n<div>&nbsp;<\/div>\n<div class=\"x14z9mp xat24cr x1lziwak x1vvkbs xtlvy1s\"><strong>Krista Vindberga<\/strong> combines static and moving images in her artistic practice. She works across multiple media, including painting, drawing, photography and video, selecting each medium with precision to activate its specific qualities and potential. Central themes in her work are memory and time, which is why she frequently engages with photographic archives. Krista is also a set and costume designer, a role that complements the multidisciplinary nature and layered narratives of her artistic practice.<\/div>\n<div>&nbsp;<\/div>\n<\/div>\n<div class=\"x14z9mp xat24cr x1lziwak x1vvkbs xtlvy1s\"><span style=\"font-weight: 400;\">The program will be held in English. It is a part of the public program of the <span style=\"text-decoration: underline;\"><span style=\"color: #695634;\"><a style=\"color: #695634; text-decoration: underline;\" href=\"https:\/\/www.collectivememoryis.com\/index.php\/en\/exhibitions\/collective-memory-is-everything-i-dont-remember-cz\/\">Collective memory is everything I don&#8217;t remember: Memories that are not our own<\/a><\/span><\/span> exhibition. <\/span><\/div><div class=\"x14z9mp xat24cr x1lziwak x1vvkbs xtlvy1s\"><span style=\"font-weight: 400;\"><br><\/span><\/div>\n<div>Admission voluntary.<\/div>\t\t\t\t\t\t\t\t<\/div>\n\t\t\t\t<\/div>\n\t\t\t\t<div class=\"elementor-element elementor-element-d9165c1 elementor-widget elementor-widget-image\" data-id=\"d9165c1\" data-element_type=\"widget\" data-e-type=\"widget\" data-widget_type=\"image.default\">\n\t\t\t\t<div class=\"elementor-widget-container\">\n\t\t\t\t\t\t\t\t\t\t\t\t\t\t\t<img fetchpriority=\"high\" decoding=\"async\" width=\"800\" height=\"1000\" src=\"https:\/\/www.collectivememoryis.com\/wp-content\/uploads\/2026\/03\/doprovodny_program_7_3-819x1024.jpg\" class=\"attachment-large size-large wp-image-1116\" alt=\"\" srcset=\"https:\/\/www.collectivememoryis.com\/wp-content\/uploads\/2026\/03\/doprovodny_program_7_3-819x1024.jpg 819w, https:\/\/www.collectivememoryis.com\/wp-content\/uploads\/2026\/03\/doprovodny_program_7_3-240x300.jpg 240w, https:\/\/www.collectivememoryis.com\/wp-content\/uploads\/2026\/03\/doprovodny_program_7_3-768x960.jpg 768w, https:\/\/www.collectivememoryis.com\/wp-content\/uploads\/2026\/03\/doprovodny_program_7_3-1229x1536.jpg 1229w, https:\/\/www.collectivememoryis.com\/wp-content\/uploads\/2026\/03\/doprovodny_program_7_3-1638x2048.jpg 1638w, https:\/\/www.collectivememoryis.com\/wp-content\/uploads\/2026\/03\/doprovodny_program_7_3-scaled.jpg 2048w\" sizes=\"(max-width: 800px) 100vw, 800px\" \/>\t\t\t\t\t\t\t\t\t\t\t\t\t\t\t<\/div>\n\t\t\t\t<\/div>\n\t\t\t\t<\/div>\n\t\t<div class=\"elementor-element elementor-element-f4ed3da e-grid e-con-full e-con e-child\" data-id=\"f4ed3da\" data-element_type=\"container\" data-e-type=\"container\" data-settings=\"{&quot;background_background&quot;:&quot;classic&quot;}\">\n\t\t\t\t<div class=\"elementor-element elementor-element-f082326 elementor-widget elementor-widget-heading\" data-id=\"f082326\" data-element_type=\"widget\" data-e-type=\"widget\" data-widget_type=\"heading.default\">\n\t\t\t\t<div class=\"elementor-widget-container\">\n\t\t\t\t\t<h2 class=\"elementor-heading-title elementor-size-default\">public program of the exhibition \u2013 Collective memory is everything I don't remember: Memories that are not our own<\/h2>\t\t\t\t<\/div>\n\t\t\t\t<\/div>\n\t\t\t\t<\/div>\n\t\t\t\t\t<\/div>\n\t\t\t\t<\/div>\n\t\t<div class=\"elementor-element elementor-element-52bf2be e-flex e-con-boxed e-con e-parent\" data-id=\"52bf2be\" data-element_type=\"container\" data-e-type=\"container\">\n\t\t\t\t\t<div class=\"e-con-inner\">\n\t\t<div class=\"elementor-element elementor-element-d4677d9 e-con-full e-grid e-con e-child\" data-id=\"d4677d9\" data-element_type=\"container\" data-e-type=\"container\">\n\t\t\t\t<div class=\"elementor-element elementor-element-64cb52b elementor-widget elementor-widget-text-editor\" data-id=\"64cb52b\" data-element_type=\"widget\" data-e-type=\"widget\" data-widget_type=\"text-editor.default\">\n\t\t\t\t<div class=\"elementor-widget-container\">\n\t\t\t\t\t\t\t\t\t<p><strong>Short film evening<br \/><\/strong>films of Ieva Balode, Vika Eksta, Di\u0101na Tamane, Krista Vindberga<\/p><p><span style=\"text-decoration: underline;\">6. 3. 2026 18:00 at Ane\u017eka (Ane\u017esk\u00e1 12, Prague 1)<\/span><\/p><p><strong><br \/>Artist talk with Krista Vindberga<\/strong><\/p><p><span style=\"text-decoration: underline;\">7. 3. 2026 16:00<br \/><br \/><\/span><\/p><p><strong>So they said.<\/strong><br \/>performance of Darja Lukjanenko and Anna Solianyk<\/p><p><span style=\"text-decoration: underline;\">11. 3. 2026 18:00<br \/><\/span><\/p><p><span style=\"text-decoration: underline;\">\u00a0<\/span><\/p>\t\t\t\t\t\t\t\t<\/div>\n\t\t\t\t<\/div>\n\t\t\t\t<div class=\"elementor-element elementor-element-9d68a33 elementor-widget elementor-widget-text-editor\" data-id=\"9d68a33\" data-element_type=\"widget\" data-e-type=\"widget\" data-widget_type=\"text-editor.default\">\n\t\t\t\t<div class=\"elementor-widget-container\">\n\t\t\t\t\t\t\t\t\t<p><strong>Discussion with Czech and Slovak Vietnamese creators.<\/strong><\/p><p><u>20. 3. 2026 18:00<\/u><\/p><p><span style=\"font-size: 1rem;\"><br \/><a style=\"font-weight: bold; color: #695634;\" href=\"https:\/\/www.collectivememoryis.com\/index.php\/en\/movement-workshop\/\">Collective Memories in Exhibition<\/a><b><br \/><\/b><\/span><span style=\"font-size: 1rem;\">movement-based workshop led by <\/span><span style=\"font-size: 1rem;\">Orkun T\u00fcrkmen &amp; Barbora T\u00fcrkmen<\/span><\/p><p><u>25. 3. 2026 18:00<\/u><\/p><p><strong><br \/>Guided tours<\/strong><br \/><span style=\"font-size: 1rem;\">with the exhibition curator<\/span><\/p><p><span style=\"text-decoration-line: underline;\">18. 3. 2026 18:00<\/span><br \/><span style=\"text-decoration-line: underline;\">1. 4. 2026 18:00<\/span><\/p>\t\t\t\t\t\t\t\t<\/div>\n\t\t\t\t<\/div>\n\t\t\t\t<\/div>\n\t\t\t\t<div class=\"elementor-element elementor-element-d8ac5e1 elementor-widget elementor-widget-spacer\" data-id=\"d8ac5e1\" data-element_type=\"widget\" data-e-type=\"widget\" data-widget_type=\"spacer.default\">\n\t\t\t\t<div class=\"elementor-widget-container\">\n\t\t\t\t\t\t\t<div class=\"elementor-spacer\">\n\t\t\t<div class=\"elementor-spacer-inner\"><\/div>\n\t\t<\/div>\n\t\t\t\t\t\t<\/div>\n\t\t\t\t<\/div>\n\t\t\t\t\t<\/div>\n\t\t\t\t<\/div>\n\t\t\t\t<\/div>\n\t\t","protected":false},"excerpt":{"rendered":"<p>Artist talk 7. 3. 2026 16:00 H40, Hall 40 \u2013 space of The Chemistry GalleryBubensk\u00e9 n\u00e1b\u0159e\u017e\u00ed 306\/13, Prague 7 Artist talk by Latvian artist Krista Vindberga will introduce her artistic strategies, inspirational elements, and the technological processing of her works. &nbsp; Krista Vindberga combines static and moving images in her artistic practice. She works across [&hellip;]<\/p>\n","protected":false},"author":1,"featured_media":337,"parent":0,"menu_order":0,"comment_status":"closed","ping_status":"closed","template":"","meta":{"footnotes":""},"class_list":["post-1114","page","type-page","status-publish","has-post-thumbnail","hentry"],"_links":{"self":[{"href":"https:\/\/www.collectivememoryis.com\/index.php\/wp-json\/wp\/v2\/pages\/1114","targetHints":{"allow":["GET"]}}],"collection":[{"href":"https:\/\/www.collectivememoryis.com\/index.php\/wp-json\/wp\/v2\/pages"}],"about":[{"href":"https:\/\/www.collectivememoryis.com\/index.php\/wp-json\/wp\/v2\/types\/page"}],"author":[{"embeddable":true,"href":"https:\/\/www.collectivememoryis.com\/index.php\/wp-json\/wp\/v2\/users\/1"}],"replies":[{"embeddable":true,"href":"https:\/\/www.collectivememoryis.com\/index.php\/wp-json\/wp\/v2\/comments?post=1114"}],"version-history":[{"count":7,"href":"https:\/\/www.collectivememoryis.com\/index.php\/wp-json\/wp\/v2\/pages\/1114\/revisions"}],"predecessor-version":[{"id":1122,"href":"https:\/\/www.collectivememoryis.com\/index.php\/wp-json\/wp\/v2\/pages\/1114\/revisions\/1122"}],"wp:featuredmedia":[{"embeddable":true,"href":"https:\/\/www.collectivememoryis.com\/index.php\/wp-json\/wp\/v2\/media\/337"}],"wp:attachment":[{"href":"https:\/\/www.collectivememoryis.com\/index.php\/wp-json\/wp\/v2\/media?parent=1114"}],"curies":[{"name":"wp","href":"https:\/\/api.w.org\/{rel}","templated":true}]}}