{"id":1137,"date":"2026-03-11T16:43:48","date_gmt":"2026-03-11T15:43:48","guid":{"rendered":"https:\/\/www.collectivememoryis.com\/?page_id=1137"},"modified":"2026-03-11T16:43:55","modified_gmt":"2026-03-11T15:43:55","slug":"movement-workshop-2","status":"publish","type":"page","link":"https:\/\/www.collectivememoryis.com\/index.php\/en\/movement-workshop-2\/","title":{"rendered":"Movement workshop"},"content":{"rendered":"\t\t<div data-elementor-type=\"wp-page\" data-elementor-id=\"1137\" class=\"elementor elementor-1137\" data-elementor-post-type=\"page\">\n\t\t\t\t<div class=\"elementor-element elementor-element-618cd88 e-flex e-con-boxed e-con e-parent\" data-id=\"618cd88\" data-element_type=\"container\" data-e-type=\"container\">\n\t\t\t\t\t<div class=\"e-con-inner\">\n\t\t\t\t<div class=\"elementor-element elementor-element-0d1cd09 elementor-widget elementor-widget-spacer\" data-id=\"0d1cd09\" data-element_type=\"widget\" data-e-type=\"widget\" data-widget_type=\"spacer.default\">\n\t\t\t\t<div class=\"elementor-widget-container\">\n\t\t\t\t\t\t\t<div class=\"elementor-spacer\">\n\t\t\t<div class=\"elementor-spacer-inner\"><\/div>\n\t\t<\/div>\n\t\t\t\t\t\t<\/div>\n\t\t\t\t<\/div>\n\t\t<div class=\"elementor-element elementor-element-4459140 e-grid e-con-full e-con e-child\" data-id=\"4459140\" data-element_type=\"container\" data-e-type=\"container\">\n\t\t\t\t<div class=\"elementor-element elementor-element-9736307 elementor-widget elementor-widget-heading\" data-id=\"9736307\" data-element_type=\"widget\" data-e-type=\"widget\" data-widget_type=\"heading.default\">\n\t\t\t\t<div class=\"elementor-widget-container\">\n\t\t\t\t\t<h2 class=\"elementor-heading-title elementor-size-default\">Collective memories in the exhibition <\/h2>\t\t\t\t<\/div>\n\t\t\t\t<\/div>\n\t\t\t\t<\/div>\n\t\t<div class=\"elementor-element elementor-element-eaa11a3 e-grid e-con-full e-con e-child\" data-id=\"eaa11a3\" data-element_type=\"container\" data-e-type=\"container\">\n\t\t\t\t<div class=\"elementor-element elementor-element-d87684f elementor-widget__width-initial elementor-widget elementor-widget-text-editor\" data-id=\"d87684f\" data-element_type=\"widget\" data-e-type=\"widget\" data-widget_type=\"text-editor.default\">\n\t\t\t\t<div class=\"elementor-widget-container\">\n\t\t\t\t\t\t\t\t\t<p><span style=\"text-decoration: underline;\">25. 3. 2026 18:00<\/span><\/p><p><u>H40, Hall 40 \u2013 space of The Chemistry Gallery<br \/><\/u>Bubensk\u00e9 n\u00e1b\u0159e\u017e\u00ed 306\/13, Prague 7<u><br \/><\/u><\/p><div><p>We invite you to a movement-based workshop shaped by the phenomenon of collective memory, unfolding in dialogue with the exhibition. Throughout the workshop led by Orkun T\u00fcrkmen and Barbora T\u00fcrkmen, we enter a shared physical exploration of memory, presence, and belonging.<\/p><p>By listening through the body and responding without words, we open space for different forms of communication and awareness that emerge through movement. Moving between individual exploration and collective tasks, we discover how shared movement can reveal connections between us.<\/p><div class=\"x14z9mp xat24cr x1lziwak x1vvkbs xtlvy1s\">Through guided improvisation, simple physical tasks and group compositions, the workshop brings us closer to the exhibition and deepens our understanding of collective memory. It creates a space to sense, reflect, and share; while asking new questions about how memories are experienced, carried, and transformed through movement and within the collective.<\/div><div>\u00a0<\/div><div class=\"x14z9mp xat24cr x1lziwak x1vvkbs xtlvy1s\">The workshop is open to everyone. No prior dance or theatre experience is needed &#8211; just a willingness to explore new ways of thinking and moving!<\/div><\/div><div>\u00a0<\/div><div>Please register to participate via <span style=\"color: #695634;\"><strong><span style=\"text-decoration: underline;\"><a style=\"color: #695634; text-decoration: underline;\" href=\"https:\/\/forms.gle\/uZHMq9Ds1Hg2Nz7c6\">the form<\/a><\/span><\/strong><\/span>.<\/div><div><div>\u00a0<\/div><div class=\"x14z9mp xat24cr x1lziwak x1vvkbs xtlvy1s\"><strong>Orkun T\u00fcrkmen<\/strong> is a performer and facilitator based in Brno, Czech Republic. Studied Acting (BA) at Anadolu University in Turkey and continued training in Physical Theatre in Spain (ESAD-G) and the Czech Republic (JAMU). Completed an MFA at Anadolu University with a focus on devised theatre, both practical and theoretical. His artistic practice is rooted in collective creation, play, and audience participation, often developing projects from scratch at the intersection of movement and audience engagement. Alongside performance, Orkun is dedicated to community-based practices.Focuses on inclusive and accessible practices for shared experiences where the artistic and social aspects are balancing; where people can meet beyond borders, discrimination, and under kinesthetic empathy.<\/div><div>\u00a0<\/div><div class=\"x14z9mp xat24cr x1lziwak x1vvkbs xtlvy1s\"><strong>Barbora T\u00fcrkmen<\/strong> is a performer, facilitator and clown based in Brno, Czech republic. Studied Puppetry (MFA) at V\u0160MU in Bratislava and Physical theater (MFA) at JAMU in Brno. In her artistic practice she is focused on devising and authorial theater which connects various theatre forms such as physical theater, puppetry, dance, clowning and music. She is particularly interested in the social aspect of theatre and uses her experience in artistic work with various social groups.<\/div><div>\u00a0<\/div><div class=\"x14z9mp xat24cr x1lziwak x1vvkbs xtlvy1s\">Barbora and Orkun are founders of the collective Yolda (2025), focusing on movement-based creation, audience engagement, and socially engaged performances.<\/div><div>\u00a0<\/div><div class=\"x14z9mp xat24cr x1lziwak x1vvkbs xtlvy1s\"><span style=\"letter-spacing: 0px; font-size: 1rem;\">The program\u00a0 is a part of the public program of the <\/span><span style=\"letter-spacing: 0px; font-size: 1rem; text-decoration-line: underline;\"><a style=\"color: #695634;\" href=\"https:\/\/www.collectivememoryis.com\/index.php\/en\/exhibitions\/collective-memory-is-everything-i-dont-remember-cz\/\">Collective memory is everything I don&#8217;t remember: Memories that are not our own<\/a><\/span><span style=\"letter-spacing: 0px; font-size: 1rem;\"> exhibition.<\/span><\/div><div>\u00a0<\/div><div class=\"x14z9mp xat24cr x1lziwak x1vvkbs xtlvy1s\"><span style=\"font-size: 1rem; letter-spacing: 0px;\">Admission voluntary<\/span><\/div><\/div>\t\t\t\t\t\t\t\t<\/div>\n\t\t\t\t<\/div>\n\t\t\t\t<div class=\"elementor-element elementor-element-91a3730 gallery-spacing-custom elementor-widget elementor-widget-image-gallery\" data-id=\"91a3730\" data-element_type=\"widget\" data-e-type=\"widget\" data-widget_type=\"image-gallery.default\">\n\t\t\t\t<div class=\"elementor-widget-container\">\n\t\t\t\t\t\t\t<div class=\"elementor-image-gallery\">\n\t\t\t<div id='gallery-1' class='gallery galleryid-1137 gallery-columns-1 gallery-size-medium_large'><figure class='gallery-item'>\n\t\t\t<div class='gallery-icon portrait'>\n\t\t\t\t<a data-elementor-open-lightbox=\"yes\" data-elementor-lightbox-slideshow=\"91a3730\" data-elementor-lightbox-title=\"doprovodny_program_25_3\" data-e-action-hash=\"#elementor-action%3Aaction%3Dlightbox%26settings%3DeyJpZCI6MTEzOSwidXJsIjoiaHR0cHM6XC9cL3d3dy5jb2xsZWN0aXZlbWVtb3J5aXMuY29tXC93cC1jb250ZW50XC91cGxvYWRzXC8yMDI2XC8wM1wvZG9wcm92b2RueV9wcm9ncmFtXzI1XzMtc2NhbGVkLmpwZyIsInNsaWRlc2hvdyI6IjkxYTM3MzAifQ%3D%3D\" href='https:\/\/www.collectivememoryis.com\/wp-content\/uploads\/2026\/03\/doprovodny_program_25_3-scaled.jpg'><img fetchpriority=\"high\" decoding=\"async\" width=\"768\" height=\"960\" src=\"https:\/\/www.collectivememoryis.com\/wp-content\/uploads\/2026\/03\/doprovodny_program_25_3-768x960.jpg\" class=\"attachment-medium_large size-medium_large\" alt=\"\" srcset=\"https:\/\/www.collectivememoryis.com\/wp-content\/uploads\/2026\/03\/doprovodny_program_25_3-768x960.jpg 768w, https:\/\/www.collectivememoryis.com\/wp-content\/uploads\/2026\/03\/doprovodny_program_25_3-240x300.jpg 240w, https:\/\/www.collectivememoryis.com\/wp-content\/uploads\/2026\/03\/doprovodny_program_25_3-819x1024.jpg 819w, https:\/\/www.collectivememoryis.com\/wp-content\/uploads\/2026\/03\/doprovodny_program_25_3-1229x1536.jpg 1229w, https:\/\/www.collectivememoryis.com\/wp-content\/uploads\/2026\/03\/doprovodny_program_25_3-1638x2048.jpg 1638w, https:\/\/www.collectivememoryis.com\/wp-content\/uploads\/2026\/03\/doprovodny_program_25_3-scaled.jpg 2048w\" sizes=\"(max-width: 768px) 100vw, 768px\" \/><\/a>\n\t\t\t<\/div><\/figure><figure class='gallery-item'>\n\t\t\t<div class='gallery-icon landscape'>\n\t\t\t\t<a data-elementor-open-lightbox=\"yes\" data-elementor-lightbox-slideshow=\"91a3730\" data-elementor-lightbox-title=\"fillovka_doprovprogram-8\" data-e-action-hash=\"#elementor-action%3Aaction%3Dlightbox%26settings%3DeyJpZCI6MTE0MCwidXJsIjoiaHR0cHM6XC9cL3d3dy5jb2xsZWN0aXZlbWVtb3J5aXMuY29tXC93cC1jb250ZW50XC91cGxvYWRzXC8yMDI2XC8wM1wvZmlsbG92a2FfZG9wcm92cHJvZ3JhbS04LXNjYWxlZC5qcGciLCJzbGlkZXNob3ciOiI5MWEzNzMwIn0%3D\" href='https:\/\/www.collectivememoryis.com\/wp-content\/uploads\/2026\/03\/fillovka_doprovprogram-8-scaled.jpg'><img decoding=\"async\" width=\"768\" height=\"512\" src=\"https:\/\/www.collectivememoryis.com\/wp-content\/uploads\/2026\/03\/fillovka_doprovprogram-8-768x512.jpg\" class=\"attachment-medium_large size-medium_large\" alt=\"\" srcset=\"https:\/\/www.collectivememoryis.com\/wp-content\/uploads\/2026\/03\/fillovka_doprovprogram-8-768x512.jpg 768w, https:\/\/www.collectivememoryis.com\/wp-content\/uploads\/2026\/03\/fillovka_doprovprogram-8-300x200.jpg 300w, https:\/\/www.collectivememoryis.com\/wp-content\/uploads\/2026\/03\/fillovka_doprovprogram-8-1024x683.jpg 1024w, https:\/\/www.collectivememoryis.com\/wp-content\/uploads\/2026\/03\/fillovka_doprovprogram-8-1536x1024.jpg 1536w, https:\/\/www.collectivememoryis.com\/wp-content\/uploads\/2026\/03\/fillovka_doprovprogram-8-2048x1365.jpg 2048w\" sizes=\"(max-width: 768px) 100vw, 768px\" \/><\/a>\n\t\t\t<\/div><\/figure><figure class='gallery-item'>\n\t\t\t<div class='gallery-icon landscape'>\n\t\t\t\t<a data-elementor-open-lightbox=\"yes\" data-elementor-lightbox-slideshow=\"91a3730\" data-elementor-lightbox-title=\"fillovka_doprovprogram-17\" data-e-action-hash=\"#elementor-action%3Aaction%3Dlightbox%26settings%3DeyJpZCI6MTE0MSwidXJsIjoiaHR0cHM6XC9cL3d3dy5jb2xsZWN0aXZlbWVtb3J5aXMuY29tXC93cC1jb250ZW50XC91cGxvYWRzXC8yMDI2XC8wM1wvZmlsbG92a2FfZG9wcm92cHJvZ3JhbS0xNy1zY2FsZWQuanBnIiwic2xpZGVzaG93IjoiOTFhMzczMCJ9\" href='https:\/\/www.collectivememoryis.com\/wp-content\/uploads\/2026\/03\/fillovka_doprovprogram-17-scaled.jpg'><img decoding=\"async\" width=\"768\" height=\"512\" src=\"https:\/\/www.collectivememoryis.com\/wp-content\/uploads\/2026\/03\/fillovka_doprovprogram-17-768x512.jpg\" class=\"attachment-medium_large size-medium_large\" alt=\"\" srcset=\"https:\/\/www.collectivememoryis.com\/wp-content\/uploads\/2026\/03\/fillovka_doprovprogram-17-768x512.jpg 768w, https:\/\/www.collectivememoryis.com\/wp-content\/uploads\/2026\/03\/fillovka_doprovprogram-17-300x200.jpg 300w, https:\/\/www.collectivememoryis.com\/wp-content\/uploads\/2026\/03\/fillovka_doprovprogram-17-1024x683.jpg 1024w, https:\/\/www.collectivememoryis.com\/wp-content\/uploads\/2026\/03\/fillovka_doprovprogram-17-1536x1024.jpg 1536w, https:\/\/www.collectivememoryis.com\/wp-content\/uploads\/2026\/03\/fillovka_doprovprogram-17-2048x1365.jpg 2048w\" sizes=\"(max-width: 768px) 100vw, 768px\" \/><\/a>\n\t\t\t<\/div><\/figure><figure class='gallery-item'>\n\t\t\t<div class='gallery-icon landscape'>\n\t\t\t\t<a data-elementor-open-lightbox=\"yes\" data-elementor-lightbox-slideshow=\"91a3730\" data-elementor-lightbox-title=\"fillovka_doprovprogram-13\" data-e-action-hash=\"#elementor-action%3Aaction%3Dlightbox%26settings%3DeyJpZCI6MTE0MiwidXJsIjoiaHR0cHM6XC9cL3d3dy5jb2xsZWN0aXZlbWVtb3J5aXMuY29tXC93cC1jb250ZW50XC91cGxvYWRzXC8yMDI2XC8wM1wvZmlsbG92a2FfZG9wcm92cHJvZ3JhbS0xMy1zY2FsZWQuanBnIiwic2xpZGVzaG93IjoiOTFhMzczMCJ9\" href='https:\/\/www.collectivememoryis.com\/wp-content\/uploads\/2026\/03\/fillovka_doprovprogram-13-scaled.jpg'><img loading=\"lazy\" decoding=\"async\" width=\"768\" height=\"512\" src=\"https:\/\/www.collectivememoryis.com\/wp-content\/uploads\/2026\/03\/fillovka_doprovprogram-13-768x512.jpg\" class=\"attachment-medium_large size-medium_large\" alt=\"\" srcset=\"https:\/\/www.collectivememoryis.com\/wp-content\/uploads\/2026\/03\/fillovka_doprovprogram-13-768x512.jpg 768w, https:\/\/www.collectivememoryis.com\/wp-content\/uploads\/2026\/03\/fillovka_doprovprogram-13-300x200.jpg 300w, https:\/\/www.collectivememoryis.com\/wp-content\/uploads\/2026\/03\/fillovka_doprovprogram-13-1024x683.jpg 1024w, https:\/\/www.collectivememoryis.com\/wp-content\/uploads\/2026\/03\/fillovka_doprovprogram-13-1536x1024.jpg 1536w, https:\/\/www.collectivememoryis.com\/wp-content\/uploads\/2026\/03\/fillovka_doprovprogram-13-2048x1365.jpg 2048w\" sizes=\"(max-width: 768px) 100vw, 768px\" \/><\/a>\n\t\t\t<\/div><\/figure>\n\t\t<\/div>\n\t\t<\/div>\n\t\t\t\t\t\t<\/div>\n\t\t\t\t<\/div>\n\t\t\t\t<\/div>\n\t\t<div class=\"elementor-element elementor-element-f4ed3da e-grid e-con-full e-con e-child\" data-id=\"f4ed3da\" data-element_type=\"container\" data-e-type=\"container\" data-settings=\"{&quot;background_background&quot;:&quot;classic&quot;}\">\n\t\t\t\t<div class=\"elementor-element elementor-element-f082326 elementor-widget elementor-widget-heading\" data-id=\"f082326\" data-element_type=\"widget\" data-e-type=\"widget\" data-widget_type=\"heading.default\">\n\t\t\t\t<div class=\"elementor-widget-container\">\n\t\t\t\t\t<h2 class=\"elementor-heading-title elementor-size-default\">public program of the exhibition \u2013 Collective memory is everything I don't remember: Memories that are not our own<\/h2>\t\t\t\t<\/div>\n\t\t\t\t<\/div>\n\t\t\t\t<\/div>\n\t\t\t\t\t<\/div>\n\t\t\t\t<\/div>\n\t\t<div class=\"elementor-element elementor-element-52bf2be e-flex e-con-boxed e-con e-parent\" data-id=\"52bf2be\" data-element_type=\"container\" data-e-type=\"container\">\n\t\t\t\t\t<div class=\"e-con-inner\">\n\t\t<div class=\"elementor-element elementor-element-d4677d9 e-con-full e-grid e-con e-child\" data-id=\"d4677d9\" data-element_type=\"container\" data-e-type=\"container\">\n\t\t\t\t<div class=\"elementor-element elementor-element-64cb52b elementor-widget elementor-widget-text-editor\" data-id=\"64cb52b\" data-element_type=\"widget\" data-e-type=\"widget\" data-widget_type=\"text-editor.default\">\n\t\t\t\t<div class=\"elementor-widget-container\">\n\t\t\t\t\t\t\t\t\t<p><strong>Short film evening<br \/><\/strong>films of Ieva Balode, Vika Eksta, Di\u0101na Tamane, Krista Vindberga<\/p><p><span style=\"text-decoration: underline;\">6. 3. 2026 18:00 at Ane\u017eka (Ane\u017esk\u00e1 12, Prague 1)<\/span><\/p><p><strong><br \/>Artist talk with Krista Vindberga<\/strong><\/p><p><span style=\"text-decoration: underline;\">7. 3. 2026 16:00<br \/><br \/><\/span><\/p><p><strong>So they said.<\/strong><br \/>performance of Darja Lukjanenko and Anna Solianyk<\/p><p><span style=\"text-decoration: underline;\">11. 3. 2026 18:00<br \/><\/span><\/p><p><span style=\"text-decoration: underline;\">\u00a0<\/span><\/p>\t\t\t\t\t\t\t\t<\/div>\n\t\t\t\t<\/div>\n\t\t\t\t<div class=\"elementor-element elementor-element-9d68a33 elementor-widget elementor-widget-text-editor\" data-id=\"9d68a33\" data-element_type=\"widget\" data-e-type=\"widget\" data-widget_type=\"text-editor.default\">\n\t\t\t\t<div class=\"elementor-widget-container\">\n\t\t\t\t\t\t\t\t\t<p><strong>Discussion with Czech and Slovak Vietnamese creators.<\/strong><\/p><p><u>20. 3. 2026 18:00<\/u><\/p><p><span style=\"font-size: 1rem;\"><br \/><a style=\"font-weight: bold; color: #695634;\" href=\"https:\/\/www.collectivememoryis.com\/index.php\/en\/movement-workshop\/\">Collective Memories in Exhibition<\/a><b><br \/><\/b><\/span><span style=\"font-size: 1rem;\">movement-based workshop led by <\/span><span style=\"font-size: 1rem;\">Orkun T\u00fcrkmen &amp; Barbora T\u00fcrkmen<\/span><\/p><p><u>25. 3. 2026 18:00<\/u><\/p><p><strong><br \/>Guided tours<\/strong><br \/><span style=\"font-size: 1rem;\">with the exhibition curator<\/span><\/p><p><span style=\"text-decoration-line: underline;\">18. 3. 2026 18:00<\/span><br \/><span style=\"text-decoration-line: underline;\">1. 4. 2026 18:00<\/span><\/p>\t\t\t\t\t\t\t\t<\/div>\n\t\t\t\t<\/div>\n\t\t\t\t<\/div>\n\t\t\t\t<div class=\"elementor-element elementor-element-d8ac5e1 elementor-widget elementor-widget-spacer\" data-id=\"d8ac5e1\" data-element_type=\"widget\" data-e-type=\"widget\" data-widget_type=\"spacer.default\">\n\t\t\t\t<div class=\"elementor-widget-container\">\n\t\t\t\t\t\t\t<div class=\"elementor-spacer\">\n\t\t\t<div class=\"elementor-spacer-inner\"><\/div>\n\t\t<\/div>\n\t\t\t\t\t\t<\/div>\n\t\t\t\t<\/div>\n\t\t\t\t\t<\/div>\n\t\t\t\t<\/div>\n\t\t\t\t<\/div>\n\t\t","protected":false},"excerpt":{"rendered":"<p>Collective memories in the exhibition 25. 3. 2026 18:00 H40, Hall 40 \u2013 space of The Chemistry GalleryBubensk\u00e9 n\u00e1b\u0159e\u017e\u00ed 306\/13, Prague 7 We invite you to a movement-based workshop shaped by the phenomenon of collective memory, unfolding in dialogue with the exhibition. Throughout the workshop led by Orkun T\u00fcrkmen and Barbora T\u00fcrkmen, we enter a [&hellip;]<\/p>\n","protected":false},"author":1,"featured_media":337,"parent":0,"menu_order":0,"comment_status":"closed","ping_status":"closed","template":"","meta":{"footnotes":""},"class_list":["post-1137","page","type-page","status-publish","has-post-thumbnail","hentry"],"_links":{"self":[{"href":"https:\/\/www.collectivememoryis.com\/index.php\/wp-json\/wp\/v2\/pages\/1137","targetHints":{"allow":["GET"]}}],"collection":[{"href":"https:\/\/www.collectivememoryis.com\/index.php\/wp-json\/wp\/v2\/pages"}],"about":[{"href":"https:\/\/www.collectivememoryis.com\/index.php\/wp-json\/wp\/v2\/types\/page"}],"author":[{"embeddable":true,"href":"https:\/\/www.collectivememoryis.com\/index.php\/wp-json\/wp\/v2\/users\/1"}],"replies":[{"embeddable":true,"href":"https:\/\/www.collectivememoryis.com\/index.php\/wp-json\/wp\/v2\/comments?post=1137"}],"version-history":[{"count":4,"href":"https:\/\/www.collectivememoryis.com\/index.php\/wp-json\/wp\/v2\/pages\/1137\/revisions"}],"predecessor-version":[{"id":1145,"href":"https:\/\/www.collectivememoryis.com\/index.php\/wp-json\/wp\/v2\/pages\/1137\/revisions\/1145"}],"wp:featuredmedia":[{"embeddable":true,"href":"https:\/\/www.collectivememoryis.com\/index.php\/wp-json\/wp\/v2\/media\/337"}],"wp:attachment":[{"href":"https:\/\/www.collectivememoryis.com\/index.php\/wp-json\/wp\/v2\/media?parent=1137"}],"curies":[{"name":"wp","href":"https:\/\/api.w.org\/{rel}","templated":true}]}}