{"id":1150,"date":"2026-03-15T19:32:26","date_gmt":"2026-03-15T18:32:26","guid":{"rendered":"https:\/\/www.collectivememoryis.com\/?page_id=1150"},"modified":"2026-03-15T19:33:34","modified_gmt":"2026-03-15T18:33:34","slug":"discussion","status":"publish","type":"page","link":"https:\/\/www.collectivememoryis.com\/index.php\/en\/discussion\/","title":{"rendered":"Discussion"},"content":{"rendered":"\t\t<div data-elementor-type=\"wp-page\" data-elementor-id=\"1150\" class=\"elementor elementor-1150\" data-elementor-post-type=\"page\">\n\t\t\t\t<div class=\"elementor-element elementor-element-618cd88 e-flex e-con-boxed e-con e-parent\" data-id=\"618cd88\" data-element_type=\"container\" data-e-type=\"container\">\n\t\t\t\t\t<div class=\"e-con-inner\">\n\t\t\t\t<div class=\"elementor-element elementor-element-0d1cd09 elementor-widget elementor-widget-spacer\" data-id=\"0d1cd09\" data-element_type=\"widget\" data-e-type=\"widget\" data-widget_type=\"spacer.default\">\n\t\t\t\t<div class=\"elementor-widget-container\">\n\t\t\t\t\t\t\t<div class=\"elementor-spacer\">\n\t\t\t<div class=\"elementor-spacer-inner\"><\/div>\n\t\t<\/div>\n\t\t\t\t\t\t<\/div>\n\t\t\t\t<\/div>\n\t\t<div class=\"elementor-element elementor-element-4459140 e-grid e-con-full e-con e-child\" data-id=\"4459140\" data-element_type=\"container\" data-e-type=\"container\">\n\t\t\t\t<div class=\"elementor-element elementor-element-9736307 elementor-widget elementor-widget-heading\" data-id=\"9736307\" data-element_type=\"widget\" data-e-type=\"widget\" data-widget_type=\"heading.default\">\n\t\t\t\t<div class=\"elementor-widget-container\">\n\t\t\t\t\t<h2 class=\"elementor-heading-title elementor-size-default\"> Discussion with Czech*Slovak-\n-Vietnamese creators<\/h2>\t\t\t\t<\/div>\n\t\t\t\t<\/div>\n\t\t\t\t<\/div>\n\t\t<div class=\"elementor-element elementor-element-eaa11a3 e-grid e-con-full e-con e-child\" data-id=\"eaa11a3\" data-element_type=\"container\" data-e-type=\"container\">\n\t\t\t\t<div class=\"elementor-element elementor-element-d87684f elementor-widget__width-initial elementor-widget elementor-widget-text-editor\" data-id=\"d87684f\" data-element_type=\"widget\" data-e-type=\"widget\" data-widget_type=\"text-editor.default\">\n\t\t\t\t<div class=\"elementor-widget-container\">\n\t\t\t\t\t\t\t\t\t<p><span style=\"text-decoration: underline;\">20. 3. 2026 18:00<\/span><\/p><p><u>H40, Hall 40 \u2013 space of The Chemistry Gallery<br \/><\/u>Bubensk\u00e9 n\u00e1b\u0159e\u017e\u00ed 306\/13, Prague 7<u><br \/><\/u><\/p><div><p>We invite you to a discussion with Czech*Slovak-Vietnamese artists entitled What Do We Remember and What Would We Rather Forget? Artist <strong>Kvet Nguyen<\/strong>, blogger and writer <strong>&#8220;Asiatka&#8221; Trang Do<\/strong>, director <strong>Diana Cam Van Nguyen<\/strong>, and rapper <strong>Anki<\/strong> have accepted the invitation to participate in the discussion.<\/p><p>The discussion will follow the concept of the exhibition <em>Collective Memory is Everything I Don&#8217;t Remember<\/em> and will present the views and experiences of the generation of Czech*Slovak-Vietnamese millennials linked to the themes of collective memory, personal memories, and identity. The discussion will be moderated by the exhibition curator Diana Kn\u011b\u017e\u00ednkov\u00e1.<\/p><\/div><div><div class=\"x14z9mp xat24cr x1lziwak x1vvkbs xtlvy1s\"><span style=\"letter-spacing: 0px; font-size: 1rem;\">The discussion is a part of the public program of the <\/span><span style=\"letter-spacing: 0px; font-size: 1rem; text-decoration-line: underline;\"><a style=\"color: #695634;\" href=\"https:\/\/www.collectivememoryis.com\/index.php\/en\/exhibitions\/collective-memory-is-everything-i-dont-remember-cz\/\">Collective memory is everything I don&#8217;t remember: Memories that are not our own<\/a><\/span><span style=\"letter-spacing: 0px; font-size: 1rem;\"> exhibition.<\/span><\/div><div>\u00a0<\/div><div class=\"x14z9mp xat24cr x1lziwak x1vvkbs xtlvy1s\"><span style=\"font-size: 1rem; letter-spacing: 0px;\">Admission voluntary<\/span><\/div><\/div>\t\t\t\t\t\t\t\t<\/div>\n\t\t\t\t<\/div>\n\t\t\t\t<div class=\"elementor-element elementor-element-91a3730 gallery-spacing-custom elementor-widget elementor-widget-image-gallery\" data-id=\"91a3730\" data-element_type=\"widget\" data-e-type=\"widget\" data-widget_type=\"image-gallery.default\">\n\t\t\t\t<div class=\"elementor-widget-container\">\n\t\t\t\t\t\t\t<div class=\"elementor-image-gallery\">\n\t\t\t<div id='gallery-1' class='gallery galleryid-1150 gallery-columns-1 gallery-size-medium_large'><figure class='gallery-item'>\n\t\t\t<div class='gallery-icon portrait'>\n\t\t\t\t<a data-elementor-open-lightbox=\"yes\" data-elementor-lightbox-slideshow=\"91a3730\" data-elementor-lightbox-title=\"doprovodny_program_20_3\" data-e-action-hash=\"#elementor-action%3Aaction%3Dlightbox%26settings%3DeyJpZCI6MTE1MiwidXJsIjoiaHR0cHM6XC9cL3d3dy5jb2xsZWN0aXZlbWVtb3J5aXMuY29tXC93cC1jb250ZW50XC91cGxvYWRzXC8yMDI2XC8wM1wvZG9wcm92b2RueV9wcm9ncmFtXzIwXzMtc2NhbGVkLmpwZyIsInNsaWRlc2hvdyI6IjkxYTM3MzAifQ%3D%3D\" href='https:\/\/www.collectivememoryis.com\/wp-content\/uploads\/2026\/03\/doprovodny_program_20_3-scaled.jpg'><img fetchpriority=\"high\" decoding=\"async\" width=\"768\" height=\"960\" src=\"https:\/\/www.collectivememoryis.com\/wp-content\/uploads\/2026\/03\/doprovodny_program_20_3-768x960.jpg\" class=\"attachment-medium_large size-medium_large\" alt=\"\" srcset=\"https:\/\/www.collectivememoryis.com\/wp-content\/uploads\/2026\/03\/doprovodny_program_20_3-768x960.jpg 768w, https:\/\/www.collectivememoryis.com\/wp-content\/uploads\/2026\/03\/doprovodny_program_20_3-240x300.jpg 240w, https:\/\/www.collectivememoryis.com\/wp-content\/uploads\/2026\/03\/doprovodny_program_20_3-819x1024.jpg 819w, https:\/\/www.collectivememoryis.com\/wp-content\/uploads\/2026\/03\/doprovodny_program_20_3-1229x1536.jpg 1229w, https:\/\/www.collectivememoryis.com\/wp-content\/uploads\/2026\/03\/doprovodny_program_20_3-1638x2048.jpg 1638w, https:\/\/www.collectivememoryis.com\/wp-content\/uploads\/2026\/03\/doprovodny_program_20_3-scaled.jpg 2048w\" sizes=\"(max-width: 768px) 100vw, 768px\" \/><\/a>\n\t\t\t<\/div><\/figure>\n\t\t<\/div>\n\t\t<\/div>\n\t\t\t\t\t\t<\/div>\n\t\t\t\t<\/div>\n\t\t\t\t<\/div>\n\t\t<div class=\"elementor-element elementor-element-f4ed3da e-grid e-con-full e-con e-child\" data-id=\"f4ed3da\" data-element_type=\"container\" data-e-type=\"container\" data-settings=\"{&quot;background_background&quot;:&quot;classic&quot;}\">\n\t\t\t\t<div class=\"elementor-element elementor-element-f082326 elementor-widget elementor-widget-heading\" data-id=\"f082326\" data-element_type=\"widget\" data-e-type=\"widget\" data-widget_type=\"heading.default\">\n\t\t\t\t<div class=\"elementor-widget-container\">\n\t\t\t\t\t<h2 class=\"elementor-heading-title elementor-size-default\">public program of the exhibition \u2013 Collective memory is everything I don't remember: Memories that are not our own<\/h2>\t\t\t\t<\/div>\n\t\t\t\t<\/div>\n\t\t\t\t<\/div>\n\t\t\t\t\t<\/div>\n\t\t\t\t<\/div>\n\t\t<div class=\"elementor-element elementor-element-52bf2be e-flex e-con-boxed e-con e-parent\" data-id=\"52bf2be\" data-element_type=\"container\" data-e-type=\"container\">\n\t\t\t\t\t<div class=\"e-con-inner\">\n\t\t<div class=\"elementor-element elementor-element-d4677d9 e-con-full e-grid e-con e-child\" data-id=\"d4677d9\" data-element_type=\"container\" data-e-type=\"container\">\n\t\t\t\t<div class=\"elementor-element elementor-element-64cb52b elementor-widget elementor-widget-text-editor\" data-id=\"64cb52b\" data-element_type=\"widget\" data-e-type=\"widget\" data-widget_type=\"text-editor.default\">\n\t\t\t\t<div class=\"elementor-widget-container\">\n\t\t\t\t\t\t\t\t\t<p><strong>Short film evening<br \/><\/strong>films of Ieva Balode, Vika Eksta, Di\u0101na Tamane, Krista Vindberga<\/p><p><span style=\"text-decoration: underline;\">6. 3. 2026 18:00 at Ane\u017eka (Ane\u017esk\u00e1 12, Prague 1)<\/span><\/p><p><strong><br \/>Artist talk with Krista Vindberga<\/strong><\/p><p><span style=\"text-decoration: underline;\">7. 3. 2026 16:00<br \/><br \/><\/span><\/p><p><strong>So they said.<\/strong><br \/>performance of Darja Lukjanenko and Anna Solianyk<\/p><p><span style=\"text-decoration: underline;\">11. 3. 2026 18:00<br \/><\/span><\/p><p><span style=\"text-decoration: underline;\">\u00a0<\/span><\/p>\t\t\t\t\t\t\t\t<\/div>\n\t\t\t\t<\/div>\n\t\t\t\t<div class=\"elementor-element elementor-element-9d68a33 elementor-widget elementor-widget-text-editor\" data-id=\"9d68a33\" data-element_type=\"widget\" data-e-type=\"widget\" data-widget_type=\"text-editor.default\">\n\t\t\t\t<div class=\"elementor-widget-container\">\n\t\t\t\t\t\t\t\t\t<p><strong>Discussion with Czech and Slovak Vietnamese creators.<\/strong><\/p><p><u>20. 3. 2026 18:00<\/u><\/p><p><span style=\"font-size: 1rem;\"><br \/><a style=\"font-weight: bold; color: #695634;\" href=\"https:\/\/www.collectivememoryis.com\/index.php\/en\/movement-workshop\/\">Collective Memories in Exhibition<\/a><b><br \/><\/b><\/span><span style=\"font-size: 1rem;\">movement-based workshop led by <\/span><span style=\"font-size: 1rem;\">Orkun T\u00fcrkmen &amp; Barbora T\u00fcrkmen<\/span><\/p><p><u>25. 3. 2026 18:00<\/u><\/p><p><strong><br \/>Guided tours<\/strong><br \/><span style=\"font-size: 1rem;\">with the exhibition curator<\/span><\/p><p><span style=\"text-decoration-line: underline;\">18. 3. 2026 18:00<\/span><br \/><span style=\"text-decoration-line: underline;\">1. 4. 2026 18:00<\/span><\/p>\t\t\t\t\t\t\t\t<\/div>\n\t\t\t\t<\/div>\n\t\t\t\t<\/div>\n\t\t\t\t<div class=\"elementor-element elementor-element-d8ac5e1 elementor-widget elementor-widget-spacer\" data-id=\"d8ac5e1\" data-element_type=\"widget\" data-e-type=\"widget\" data-widget_type=\"spacer.default\">\n\t\t\t\t<div class=\"elementor-widget-container\">\n\t\t\t\t\t\t\t<div class=\"elementor-spacer\">\n\t\t\t<div class=\"elementor-spacer-inner\"><\/div>\n\t\t<\/div>\n\t\t\t\t\t\t<\/div>\n\t\t\t\t<\/div>\n\t\t\t\t\t<\/div>\n\t\t\t\t<\/div>\n\t\t\t\t<\/div>\n\t\t","protected":false},"excerpt":{"rendered":"<p>Discussion with Czech*Slovak- -Vietnamese creators 20. 3. 2026 18:00 H40, Hall 40 \u2013 space of The Chemistry GalleryBubensk\u00e9 n\u00e1b\u0159e\u017e\u00ed 306\/13, Prague 7 We invite you to a discussion with Czech*Slovak-Vietnamese artists entitled What Do We Remember and What Would We Rather Forget? Artist Kvet Nguyen, blogger and writer &#8220;Asiatka&#8221; Trang Do, director Diana Cam Van [&hellip;]<\/p>\n","protected":false},"author":1,"featured_media":337,"parent":0,"menu_order":0,"comment_status":"closed","ping_status":"closed","template":"","meta":{"footnotes":""},"class_list":["post-1150","page","type-page","status-publish","has-post-thumbnail","hentry"],"_links":{"self":[{"href":"https:\/\/www.collectivememoryis.com\/index.php\/wp-json\/wp\/v2\/pages\/1150","targetHints":{"allow":["GET"]}}],"collection":[{"href":"https:\/\/www.collectivememoryis.com\/index.php\/wp-json\/wp\/v2\/pages"}],"about":[{"href":"https:\/\/www.collectivememoryis.com\/index.php\/wp-json\/wp\/v2\/types\/page"}],"author":[{"embeddable":true,"href":"https:\/\/www.collectivememoryis.com\/index.php\/wp-json\/wp\/v2\/users\/1"}],"replies":[{"embeddable":true,"href":"https:\/\/www.collectivememoryis.com\/index.php\/wp-json\/wp\/v2\/comments?post=1150"}],"version-history":[{"count":4,"href":"https:\/\/www.collectivememoryis.com\/index.php\/wp-json\/wp\/v2\/pages\/1150\/revisions"}],"predecessor-version":[{"id":1155,"href":"https:\/\/www.collectivememoryis.com\/index.php\/wp-json\/wp\/v2\/pages\/1150\/revisions\/1155"}],"wp:featuredmedia":[{"embeddable":true,"href":"https:\/\/www.collectivememoryis.com\/index.php\/wp-json\/wp\/v2\/media\/337"}],"wp:attachment":[{"href":"https:\/\/www.collectivememoryis.com\/index.php\/wp-json\/wp\/v2\/media?parent=1150"}],"curies":[{"name":"wp","href":"https:\/\/api.w.org\/{rel}","templated":true}]}}