{"id":1156,"date":"2026-03-17T17:48:00","date_gmt":"2026-03-17T16:48:00","guid":{"rendered":"https:\/\/www.collectivememoryis.com\/?page_id=1156"},"modified":"2026-03-20T12:22:27","modified_gmt":"2026-03-20T11:22:27","slug":"prednaska","status":"publish","type":"page","link":"https:\/\/www.collectivememoryis.com\/index.php\/en\/prednaska\/","title":{"rendered":"P\u0159edn\u00e1\u0161ka"},"content":{"rendered":"\t\t<div data-elementor-type=\"wp-page\" data-elementor-id=\"1156\" class=\"elementor elementor-1156\" data-elementor-post-type=\"page\">\n\t\t\t\t<div class=\"elementor-element elementor-element-618cd88 e-flex e-con-boxed e-con e-parent\" data-id=\"618cd88\" data-element_type=\"container\" data-e-type=\"container\">\n\t\t\t\t\t<div class=\"e-con-inner\">\n\t\t\t\t<div class=\"elementor-element elementor-element-0d1cd09 elementor-widget elementor-widget-spacer\" data-id=\"0d1cd09\" data-element_type=\"widget\" data-e-type=\"widget\" data-widget_type=\"spacer.default\">\n\t\t\t\t<div class=\"elementor-widget-container\">\n\t\t\t\t\t\t\t<div class=\"elementor-spacer\">\n\t\t\t<div class=\"elementor-spacer-inner\"><\/div>\n\t\t<\/div>\n\t\t\t\t\t\t<\/div>\n\t\t\t\t<\/div>\n\t\t<div class=\"elementor-element elementor-element-4459140 e-grid e-con-full e-con e-child\" data-id=\"4459140\" data-element_type=\"container\" data-e-type=\"container\">\n\t\t\t\t<div class=\"elementor-element elementor-element-9736307 elementor-widget elementor-widget-heading\" data-id=\"9736307\" data-element_type=\"widget\" data-e-type=\"widget\" data-widget_type=\"heading.default\">\n\t\t\t\t<div class=\"elementor-widget-container\">\n\t\t\t\t\t<h2 class=\"elementor-heading-title elementor-size-default\">Latvia - a country that sings, dances and paints<\/h2>\t\t\t\t<\/div>\n\t\t\t\t<\/div>\n\t\t\t\t<\/div>\n\t\t<div class=\"elementor-element elementor-element-eaa11a3 e-grid e-con-full e-con e-child\" data-id=\"eaa11a3\" data-element_type=\"container\" data-e-type=\"container\">\n\t\t\t\t<div class=\"elementor-element elementor-element-d87684f elementor-widget__width-initial elementor-widget elementor-widget-text-editor\" data-id=\"d87684f\" data-element_type=\"widget\" data-e-type=\"widget\" data-widget_type=\"text-editor.default\">\n\t\t\t\t<div class=\"elementor-widget-container\">\n\t\t\t\t\t\t\t\t\t<p><span style=\"text-decoration: underline;\">24. 3. 2026 16:00<\/span><\/p><p><u>H40, Hall 40 \u2013 space of The Chemistry Gallery<br \/><\/u>Bubensk\u00e9 n\u00e1b\u0159e\u017e\u00ed 306\/13, Prague 7<u><br \/><\/u><\/p><div class=\"x14z9mp xat24cr x1lziwak x1vvkbs xtlvy1s\"><div class=\"x14z9mp xat24cr x1lziwak x1vvkbs xtlvy1s\">We invite you to a (not only) travel lecture on the topic of <em>Latvia &#8211; a country that sings, dances and paints<\/em>. A conversation with a projection of photographs will take us to various cities, regions and national parks of Latvia. We will remind ourselves of what makes Latvia unique and what attracts visitors. We will get to know the Latvian landscape, history, cuisine and culture. We will introduce older and newer translations of Latvian literature into Czech, unique national song and dance festivals and the fate of the Latvian native, painter Mark Rothko.<\/div><div>\u00a0<\/div><div class=\"x14z9mp xat24cr x1lziwak x1vvkbs xtlvy1s\">The guides will be <strong>Josef Mi\u0161kovsk\u00fd<\/strong> and <strong>Denisa \u0160elelyov\u00e1<\/strong>. The lecture will be followed by a guided tour of the exhibition led by curator Diana Kn\u011b\u017e\u00ednkov\u00e1.<\/div><div>\u00a0<\/div><\/div><div class=\"x14z9mp xat24cr x1lziwak x1vvkbs xtlvy1s\"><span style=\"font-weight: 400;\">The lecture is organized in cooperation with the Czech-Latvian Association as a part of the public program of the <span style=\"text-decoration: underline;\"><span style=\"color: #695634;\"><a style=\"color: #695634; text-decoration: underline;\" href=\"https:\/\/www.collectivememoryis.com\/index.php\/en\/exhibitions\/collective-memory-is-everything-i-dont-remember-cz\/\">Collective memory is everything I don&#8217;t remember: Memories that are not our own<\/a><\/span><\/span> exhibition. <\/span><\/div><div class=\"x14z9mp xat24cr x1lziwak x1vvkbs xtlvy1s\"><span style=\"font-weight: 400;\">\u00a0<\/span><\/div><div>Admission voluntary.<\/div>\t\t\t\t\t\t\t\t<\/div>\n\t\t\t\t<\/div>\n\t\t\t\t<div class=\"elementor-element elementor-element-d9165c1 elementor-widget elementor-widget-image\" data-id=\"d9165c1\" data-element_type=\"widget\" data-e-type=\"widget\" data-widget_type=\"image.default\">\n\t\t\t\t<div class=\"elementor-widget-container\">\n\t\t\t\t\t\t\t\t\t\t\t\t\t\t\t<img fetchpriority=\"high\" decoding=\"async\" width=\"800\" height=\"1000\" src=\"https:\/\/www.collectivememoryis.com\/wp-content\/uploads\/2026\/03\/doprovodny_program_24_3-819x1024.jpg\" class=\"attachment-large size-large wp-image-1158\" alt=\"\" srcset=\"https:\/\/www.collectivememoryis.com\/wp-content\/uploads\/2026\/03\/doprovodny_program_24_3-819x1024.jpg 819w, https:\/\/www.collectivememoryis.com\/wp-content\/uploads\/2026\/03\/doprovodny_program_24_3-240x300.jpg 240w, https:\/\/www.collectivememoryis.com\/wp-content\/uploads\/2026\/03\/doprovodny_program_24_3-768x960.jpg 768w, https:\/\/www.collectivememoryis.com\/wp-content\/uploads\/2026\/03\/doprovodny_program_24_3-1229x1536.jpg 1229w, https:\/\/www.collectivememoryis.com\/wp-content\/uploads\/2026\/03\/doprovodny_program_24_3-1638x2048.jpg 1638w, https:\/\/www.collectivememoryis.com\/wp-content\/uploads\/2026\/03\/doprovodny_program_24_3-scaled.jpg 2048w\" sizes=\"(max-width: 800px) 100vw, 800px\" \/>\t\t\t\t\t\t\t\t\t\t\t\t\t\t\t<\/div>\n\t\t\t\t<\/div>\n\t\t\t\t<\/div>\n\t\t<div class=\"elementor-element elementor-element-f4ed3da e-grid e-con-full e-con e-child\" data-id=\"f4ed3da\" data-element_type=\"container\" data-e-type=\"container\" data-settings=\"{&quot;background_background&quot;:&quot;classic&quot;}\">\n\t\t\t\t<div class=\"elementor-element elementor-element-f082326 elementor-widget elementor-widget-heading\" data-id=\"f082326\" data-element_type=\"widget\" data-e-type=\"widget\" data-widget_type=\"heading.default\">\n\t\t\t\t<div class=\"elementor-widget-container\">\n\t\t\t\t\t<h2 class=\"elementor-heading-title elementor-size-default\">public program of the exhibition \u2013 Collective memory is everything I don't remember: Memories that are not our own<\/h2>\t\t\t\t<\/div>\n\t\t\t\t<\/div>\n\t\t\t\t<\/div>\n\t\t\t\t\t<\/div>\n\t\t\t\t<\/div>\n\t\t<div class=\"elementor-element elementor-element-52bf2be e-flex e-con-boxed e-con e-parent\" data-id=\"52bf2be\" data-element_type=\"container\" data-e-type=\"container\">\n\t\t\t\t\t<div class=\"e-con-inner\">\n\t\t<div class=\"elementor-element elementor-element-d4677d9 e-con-full e-grid e-con e-child\" data-id=\"d4677d9\" data-element_type=\"container\" data-e-type=\"container\">\n\t\t\t\t<div class=\"elementor-element elementor-element-64cb52b elementor-widget elementor-widget-text-editor\" data-id=\"64cb52b\" data-element_type=\"widget\" data-e-type=\"widget\" data-widget_type=\"text-editor.default\">\n\t\t\t\t<div class=\"elementor-widget-container\">\n\t\t\t\t\t\t\t\t\t<p><strong>Short film evening<br \/><\/strong>films of Ieva Balode, Vika Eksta, Di\u0101na Tamane, Krista Vindberga<br \/><span style=\"text-decoration: underline;\">6. 3. 2026 18:00 at Ane\u017eka (Ane\u017esk\u00e1 12, Prague 1)<\/span><\/p><p><strong><br \/>Artist talk with Krista Vindberga<br \/><\/strong><span style=\"text-decoration: underline;\">7. 3. 2026 16:00<\/span><\/p><p><strong>So they said.<\/strong><br \/>performance of Darja Lukjanenko and Anna Solianyk<br \/><span style=\"text-decoration: underline;\">11. 3. 2026 18:00<br \/><\/span><\/p><p><strong><br \/>Discussion with Czech and Slovak Vietnamese creators.<br \/><\/strong><u>20. 3. 2026 18:00<\/u><\/p>\t\t\t\t\t\t\t\t<\/div>\n\t\t\t\t<\/div>\n\t\t\t\t<div class=\"elementor-element elementor-element-9d68a33 elementor-widget elementor-widget-text-editor\" data-id=\"9d68a33\" data-element_type=\"widget\" data-e-type=\"widget\" data-widget_type=\"text-editor.default\">\n\t\t\t\t<div class=\"elementor-widget-container\">\n\t\t\t\t\t\t\t\t\t<p><strong><span style=\"color: #695634;\"><a style=\"color: #695634;\" href=\"https:\/\/www.collectivememoryis.com\/index.php\/en\/prednaska\/\">Latvia &#8211; a country that sings, dances and paints<\/a><\/span><br \/><\/strong>(Not only) travel lecture<br \/><span style=\"text-decoration: underline;\">24. 3. 2026 18:00<\/span><\/p><p><span style=\"font-size: 1rem;\"><br \/><a style=\"font-weight: bold; color: #695634; text-decoration: underline;\" href=\"https:\/\/www.collectivememoryis.com\/index.php\/en\/movement-workshop\/\">Collective Memories in Exhibition<\/a><b><br \/><\/b><\/span><span style=\"font-size: 1rem;\">movement-based workshop led by <\/span><span style=\"font-size: 1rem;\">Orkun T\u00fcrkmen &amp; Barbora T\u00fcrkmen<br \/><\/span><u>25. 3. 2026 18:00<\/u><\/p><p><strong><br \/>Guided tours<\/strong><br \/><span style=\"font-size: 1rem;\">with the exhibition curator<br \/><\/span><span style=\"text-decoration-line: underline;\">18. 3. 2026 18:00<br \/><\/span><span style=\"text-decoration-line: underline;\">1. 4. 2026 18:00<\/span><\/p>\t\t\t\t\t\t\t\t<\/div>\n\t\t\t\t<\/div>\n\t\t\t\t<\/div>\n\t\t\t\t<div class=\"elementor-element elementor-element-d8ac5e1 elementor-widget elementor-widget-spacer\" data-id=\"d8ac5e1\" data-element_type=\"widget\" data-e-type=\"widget\" data-widget_type=\"spacer.default\">\n\t\t\t\t<div class=\"elementor-widget-container\">\n\t\t\t\t\t\t\t<div class=\"elementor-spacer\">\n\t\t\t<div class=\"elementor-spacer-inner\"><\/div>\n\t\t<\/div>\n\t\t\t\t\t\t<\/div>\n\t\t\t\t<\/div>\n\t\t\t\t\t<\/div>\n\t\t\t\t<\/div>\n\t\t\t\t<\/div>\n\t\t","protected":false},"excerpt":{"rendered":"<p>Latvia &#8211; a country that sings, dances and paints 24. 3. 2026 16:00 H40, Hall 40 \u2013 space of The Chemistry GalleryBubensk\u00e9 n\u00e1b\u0159e\u017e\u00ed 306\/13, Prague 7 We invite you to a (not only) travel lecture on the topic of Latvia &#8211; a country that sings, dances and paints. A conversation with a projection of photographs [&hellip;]<\/p>\n","protected":false},"author":1,"featured_media":337,"parent":0,"menu_order":0,"comment_status":"closed","ping_status":"closed","template":"","meta":{"footnotes":""},"class_list":["post-1156","page","type-page","status-publish","has-post-thumbnail","hentry"],"_links":{"self":[{"href":"https:\/\/www.collectivememoryis.com\/index.php\/wp-json\/wp\/v2\/pages\/1156","targetHints":{"allow":["GET"]}}],"collection":[{"href":"https:\/\/www.collectivememoryis.com\/index.php\/wp-json\/wp\/v2\/pages"}],"about":[{"href":"https:\/\/www.collectivememoryis.com\/index.php\/wp-json\/wp\/v2\/types\/page"}],"author":[{"embeddable":true,"href":"https:\/\/www.collectivememoryis.com\/index.php\/wp-json\/wp\/v2\/users\/1"}],"replies":[{"embeddable":true,"href":"https:\/\/www.collectivememoryis.com\/index.php\/wp-json\/wp\/v2\/comments?post=1156"}],"version-history":[{"count":10,"href":"https:\/\/www.collectivememoryis.com\/index.php\/wp-json\/wp\/v2\/pages\/1156\/revisions"}],"predecessor-version":[{"id":1177,"href":"https:\/\/www.collectivememoryis.com\/index.php\/wp-json\/wp\/v2\/pages\/1156\/revisions\/1177"}],"wp:featuredmedia":[{"embeddable":true,"href":"https:\/\/www.collectivememoryis.com\/index.php\/wp-json\/wp\/v2\/media\/337"}],"wp:attachment":[{"href":"https:\/\/www.collectivememoryis.com\/index.php\/wp-json\/wp\/v2\/media?parent=1156"}],"curies":[{"name":"wp","href":"https:\/\/api.w.org\/{rel}","templated":true}]}}