{"id":457,"date":"2025-09-11T17:14:34","date_gmt":"2025-09-11T16:14:34","guid":{"rendered":"https:\/\/www.collectivememoryis.com\/?page_id=457"},"modified":"2025-09-26T18:15:56","modified_gmt":"2025-09-26T17:15:56","slug":"elina-vitola","status":"publish","type":"page","link":"https:\/\/www.collectivememoryis.com\/index.php\/en\/elina-vitola\/","title":{"rendered":"El\u012bna V\u012btola"},"content":{"rendered":"\t\t<div data-elementor-type=\"wp-page\" data-elementor-id=\"457\" class=\"elementor elementor-457\" data-elementor-post-type=\"page\">\n\t\t\t\t<div class=\"elementor-element elementor-element-618cd88 e-flex e-con-boxed e-con e-parent\" data-id=\"618cd88\" data-element_type=\"container\" data-e-type=\"container\">\n\t\t\t\t\t<div class=\"e-con-inner\">\n\t\t\t\t<div class=\"elementor-element elementor-element-0d1cd09 elementor-widget elementor-widget-spacer\" data-id=\"0d1cd09\" data-element_type=\"widget\" data-e-type=\"widget\" data-widget_type=\"spacer.default\">\n\t\t\t\t<div class=\"elementor-widget-container\">\n\t\t\t\t\t\t\t<div class=\"elementor-spacer\">\n\t\t\t<div class=\"elementor-spacer-inner\"><\/div>\n\t\t<\/div>\n\t\t\t\t\t\t<\/div>\n\t\t\t\t<\/div>\n\t\t<div class=\"elementor-element elementor-element-4459140 e-grid e-con-full e-con e-child\" data-id=\"4459140\" data-element_type=\"container\" data-e-type=\"container\">\n\t\t\t\t<div class=\"elementor-element elementor-element-9736307 elementor-widget elementor-widget-heading\" data-id=\"9736307\" data-element_type=\"widget\" data-e-type=\"widget\" data-widget_type=\"heading.default\">\n\t\t\t\t<div class=\"elementor-widget-container\">\n\t\t\t\t\t<h2 class=\"elementor-heading-title elementor-size-default\">El\u012bna V\u012btola<\/h2>\t\t\t\t<\/div>\n\t\t\t\t<\/div>\n\t\t\t\t<\/div>\n\t\t<div class=\"elementor-element elementor-element-eaa11a3 e-grid e-con-full e-con e-child\" data-id=\"eaa11a3\" data-element_type=\"container\" data-e-type=\"container\">\n\t\t\t\t<div class=\"elementor-element elementor-element-d87684f elementor-widget__width-initial elementor-widget elementor-widget-text-editor\" data-id=\"d87684f\" data-element_type=\"widget\" data-e-type=\"widget\" data-widget_type=\"text-editor.default\">\n\t\t\t\t<div class=\"elementor-widget-container\">\n\t\t\t\t\t\t\t\t\t<p><span style=\"font-weight: 400;\">El\u012bna&#8217;s conceptual work features expressive painting, complex objects, and site-specific projects inspired by personal stories. El\u012bna works with the medium of painting as a performative element, often combining this technique with ready-made objects or already existing everyday backdrops, which she imbues with new meaning by emphasizing their visuality. Within the framework of her themes, she addresses family history and related topics, which she examines in depth. Through her work, she comes to terms with the information she uncovers, further processing and contextualising it. <\/span><\/p><p><span style=\"font-weight: 400;\">El\u012bna earned her bachelor&#8217;s and master&#8217;s degrees in painting from the Latvian Academy of Art. She is the winner of the 2018 Nordic and Baltic Young Artist Award and she was shortlisted for the Purv\u012btis Prize in 2021. Her works are in the collections of the Latvian National Museum of Art and the European Patent Office Collection. In the past, El\u012bna was a curator at Riga Circus Elephant Stables and LOW gallery. <\/span><\/p>\t\t\t\t\t\t\t\t<\/div>\n\t\t\t\t<\/div>\n\t\t\t\t<div class=\"elementor-element elementor-element-a789cc9 elementor-widget elementor-widget-image\" data-id=\"a789cc9\" data-element_type=\"widget\" data-e-type=\"widget\" data-widget_type=\"image.default\">\n\t\t\t\t<div class=\"elementor-widget-container\">\n\t\t\t\t\t\t\t\t\t\t\t\t\t\t\t<img fetchpriority=\"high\" decoding=\"async\" width=\"683\" height=\"1024\" src=\"https:\/\/www.collectivememoryis.com\/wp-content\/uploads\/2025\/09\/rigaprojekt_elina-13-1-683x1024.webp\" class=\"attachment-large size-large wp-image-466\" alt=\"\" srcset=\"https:\/\/www.collectivememoryis.com\/wp-content\/uploads\/2025\/09\/rigaprojekt_elina-13-1-683x1024.webp 683w, https:\/\/www.collectivememoryis.com\/wp-content\/uploads\/2025\/09\/rigaprojekt_elina-13-1-200x300.webp 200w, https:\/\/www.collectivememoryis.com\/wp-content\/uploads\/2025\/09\/rigaprojekt_elina-13-1-768x1152.jpg 768w, https:\/\/www.collectivememoryis.com\/wp-content\/uploads\/2025\/09\/rigaprojekt_elina-13-1-1024x1536.jpg 1024w, https:\/\/www.collectivememoryis.com\/wp-content\/uploads\/2025\/09\/rigaprojekt_elina-13-1-1365x2048.jpg 1365w, https:\/\/www.collectivememoryis.com\/wp-content\/uploads\/2025\/09\/rigaprojekt_elina-13-1-scaled.webp 1280w\" sizes=\"(max-width: 683px) 100vw, 683px\" \/>\t\t\t\t\t\t\t\t\t\t\t\t\t\t\t<\/div>\n\t\t\t\t<\/div>\n\t\t\t\t<\/div>\n\t\t<div class=\"elementor-element elementor-element-3359413 e-grid e-con-full e-con e-child\" data-id=\"3359413\" data-element_type=\"container\" data-e-type=\"container\">\n\t\t\t\t<div class=\"elementor-element elementor-element-069bce9 elementor-hidden-mobile gallery-spacing-custom elementor-widget elementor-widget-image-gallery\" data-id=\"069bce9\" data-element_type=\"widget\" data-e-type=\"widget\" data-widget_type=\"image-gallery.default\">\n\t\t\t\t<div class=\"elementor-widget-container\">\n\t\t\t\t\t\t\t<div class=\"elementor-image-gallery\">\n\t\t\t<div id='gallery-1' class='gallery galleryid-457 gallery-columns-2 gallery-size-medium_large'><figure class='gallery-item'>\n\t\t\t<div class='gallery-icon landscape'>\n\t\t\t\t<a data-elementor-open-lightbox=\"yes\" data-elementor-lightbox-slideshow=\"069bce9\" data-elementor-lightbox-title=\"detaily_elina_fillovka-2\" data-e-action-hash=\"#elementor-action%3Aaction%3Dlightbox%26settings%3DeyJpZCI6NDY5LCJ1cmwiOiJodHRwczpcL1wvd3d3LmNvbGxlY3RpdmVtZW1vcnlpcy5jb21cL3dwLWNvbnRlbnRcL3VwbG9hZHNcLzIwMjVcLzA5XC9kZXRhaWx5X2VsaW5hX2ZpbGxvdmthLTItc2NhbGVkLndlYnAiLCJzbGlkZXNob3ciOiIwNjliY2U5In0%3D\" href='https:\/\/www.collectivememoryis.com\/wp-content\/uploads\/2025\/09\/detaily_elina_fillovka-2-scaled.webp'><img decoding=\"async\" width=\"768\" height=\"512\" src=\"https:\/\/www.collectivememoryis.com\/wp-content\/uploads\/2025\/09\/detaily_elina_fillovka-2-768x512.webp\" class=\"attachment-medium_large size-medium_large\" alt=\"\" srcset=\"https:\/\/www.collectivememoryis.com\/wp-content\/uploads\/2025\/09\/detaily_elina_fillovka-2-768x512.webp 768w, https:\/\/www.collectivememoryis.com\/wp-content\/uploads\/2025\/09\/detaily_elina_fillovka-2-300x200.webp 300w, https:\/\/www.collectivememoryis.com\/wp-content\/uploads\/2025\/09\/detaily_elina_fillovka-2-1024x683.webp 1024w, https:\/\/www.collectivememoryis.com\/wp-content\/uploads\/2025\/09\/detaily_elina_fillovka-2-1536x1024.webp 1536w, https:\/\/www.collectivememoryis.com\/wp-content\/uploads\/2025\/09\/detaily_elina_fillovka-2-scaled.webp 1920w\" sizes=\"(max-width: 768px) 100vw, 768px\" \/><\/a>\n\t\t\t<\/div><\/figure><figure class='gallery-item'>\n\t\t\t<div class='gallery-icon landscape'>\n\t\t\t\t<a data-elementor-open-lightbox=\"yes\" data-elementor-lightbox-slideshow=\"069bce9\" data-elementor-lightbox-title=\"rigaprojekt_elina-2\" data-e-action-hash=\"#elementor-action%3Aaction%3Dlightbox%26settings%3DeyJpZCI6NDcxLCJ1cmwiOiJodHRwczpcL1wvd3d3LmNvbGxlY3RpdmVtZW1vcnlpcy5jb21cL3dwLWNvbnRlbnRcL3VwbG9hZHNcLzIwMjVcLzA5XC9yaWdhcHJvamVrdF9lbGluYS0yLXNjYWxlZC53ZWJwIiwic2xpZGVzaG93IjoiMDY5YmNlOSJ9\" href='https:\/\/www.collectivememoryis.com\/wp-content\/uploads\/2025\/09\/rigaprojekt_elina-2-scaled.webp'><img decoding=\"async\" width=\"768\" height=\"512\" src=\"https:\/\/www.collectivememoryis.com\/wp-content\/uploads\/2025\/09\/rigaprojekt_elina-2-768x512.webp\" class=\"attachment-medium_large size-medium_large\" alt=\"\" srcset=\"https:\/\/www.collectivememoryis.com\/wp-content\/uploads\/2025\/09\/rigaprojekt_elina-2-768x512.webp 768w, https:\/\/www.collectivememoryis.com\/wp-content\/uploads\/2025\/09\/rigaprojekt_elina-2-300x200.webp 300w, https:\/\/www.collectivememoryis.com\/wp-content\/uploads\/2025\/09\/rigaprojekt_elina-2-1024x683.webp 1024w, https:\/\/www.collectivememoryis.com\/wp-content\/uploads\/2025\/09\/rigaprojekt_elina-2-1536x1024.webp 1536w, https:\/\/www.collectivememoryis.com\/wp-content\/uploads\/2025\/09\/rigaprojekt_elina-2-scaled.webp 1920w\" sizes=\"(max-width: 768px) 100vw, 768px\" \/><\/a>\n\t\t\t<\/div><\/figure><figure class='gallery-item'>\n\t\t\t<div class='gallery-icon landscape'>\n\t\t\t\t<a data-elementor-open-lightbox=\"yes\" data-elementor-lightbox-slideshow=\"069bce9\" data-elementor-lightbox-title=\"rigaprojekt_elina-7\" data-e-action-hash=\"#elementor-action%3Aaction%3Dlightbox%26settings%3DeyJpZCI6NDcyLCJ1cmwiOiJodHRwczpcL1wvd3d3LmNvbGxlY3RpdmVtZW1vcnlpcy5jb21cL3dwLWNvbnRlbnRcL3VwbG9hZHNcLzIwMjVcLzA5XC9yaWdhcHJvamVrdF9lbGluYS03LXNjYWxlZC53ZWJwIiwic2xpZGVzaG93IjoiMDY5YmNlOSJ9\" href='https:\/\/www.collectivememoryis.com\/wp-content\/uploads\/2025\/09\/rigaprojekt_elina-7-scaled.webp'><img loading=\"lazy\" decoding=\"async\" width=\"768\" height=\"512\" src=\"https:\/\/www.collectivememoryis.com\/wp-content\/uploads\/2025\/09\/rigaprojekt_elina-7-768x512.webp\" class=\"attachment-medium_large size-medium_large\" alt=\"\" srcset=\"https:\/\/www.collectivememoryis.com\/wp-content\/uploads\/2025\/09\/rigaprojekt_elina-7-768x512.webp 768w, https:\/\/www.collectivememoryis.com\/wp-content\/uploads\/2025\/09\/rigaprojekt_elina-7-300x200.webp 300w, https:\/\/www.collectivememoryis.com\/wp-content\/uploads\/2025\/09\/rigaprojekt_elina-7-1024x683.webp 1024w, https:\/\/www.collectivememoryis.com\/wp-content\/uploads\/2025\/09\/rigaprojekt_elina-7-1536x1024.webp 1536w, https:\/\/www.collectivememoryis.com\/wp-content\/uploads\/2025\/09\/rigaprojekt_elina-7-scaled.webp 1920w\" sizes=\"(max-width: 768px) 100vw, 768px\" \/><\/a>\n\t\t\t<\/div><\/figure><figure class='gallery-item'>\n\t\t\t<div class='gallery-icon landscape'>\n\t\t\t\t<a data-elementor-open-lightbox=\"yes\" data-elementor-lightbox-slideshow=\"069bce9\" data-elementor-lightbox-title=\"elina_fillovka_instalace-3\" data-e-action-hash=\"#elementor-action%3Aaction%3Dlightbox%26settings%3DeyJpZCI6NDcwLCJ1cmwiOiJodHRwczpcL1wvd3d3LmNvbGxlY3RpdmVtZW1vcnlpcy5jb21cL3dwLWNvbnRlbnRcL3VwbG9hZHNcLzIwMjVcLzA5XC9lbGluYV9maWxsb3ZrYV9pbnN0YWxhY2UtMy1zY2FsZWQud2VicCIsInNsaWRlc2hvdyI6IjA2OWJjZTkifQ%3D%3D\" href='https:\/\/www.collectivememoryis.com\/wp-content\/uploads\/2025\/09\/elina_fillovka_instalace-3-scaled.webp'><img loading=\"lazy\" decoding=\"async\" width=\"768\" height=\"512\" src=\"https:\/\/www.collectivememoryis.com\/wp-content\/uploads\/2025\/09\/elina_fillovka_instalace-3-768x512.webp\" class=\"attachment-medium_large size-medium_large\" alt=\"\" srcset=\"https:\/\/www.collectivememoryis.com\/wp-content\/uploads\/2025\/09\/elina_fillovka_instalace-3-768x512.webp 768w, https:\/\/www.collectivememoryis.com\/wp-content\/uploads\/2025\/09\/elina_fillovka_instalace-3-300x200.webp 300w, https:\/\/www.collectivememoryis.com\/wp-content\/uploads\/2025\/09\/elina_fillovka_instalace-3-1024x683.webp 1024w, https:\/\/www.collectivememoryis.com\/wp-content\/uploads\/2025\/09\/elina_fillovka_instalace-3-1536x1024.webp 1536w, https:\/\/www.collectivememoryis.com\/wp-content\/uploads\/2025\/09\/elina_fillovka_instalace-3-scaled.webp 1920w\" sizes=\"(max-width: 768px) 100vw, 768px\" \/><\/a>\n\t\t\t<\/div><\/figure>\n\t\t<\/div>\n\t\t<\/div>\n\t\t\t\t\t\t<\/div>\n\t\t\t\t<\/div>\n\t\t\t\t<div class=\"elementor-element elementor-element-93862ec elementor-hidden-desktop elementor-hidden-tablet elementor-widget elementor-widget-image\" data-id=\"93862ec\" data-element_type=\"widget\" data-e-type=\"widget\" data-widget_type=\"image.default\">\n\t\t\t\t<div class=\"elementor-widget-container\">\n\t\t\t\t\t\t\t\t\t\t\t\t\t\t\t<img loading=\"lazy\" decoding=\"async\" width=\"800\" height=\"534\" src=\"https:\/\/www.collectivememoryis.com\/wp-content\/uploads\/2025\/09\/rigaprojekt_elina-2-1024x683.webp\" class=\"attachment-large size-large wp-image-471\" alt=\"\" srcset=\"https:\/\/www.collectivememoryis.com\/wp-content\/uploads\/2025\/09\/rigaprojekt_elina-2-1024x683.webp 1024w, https:\/\/www.collectivememoryis.com\/wp-content\/uploads\/2025\/09\/rigaprojekt_elina-2-300x200.webp 300w, https:\/\/www.collectivememoryis.com\/wp-content\/uploads\/2025\/09\/rigaprojekt_elina-2-768x512.webp 768w, https:\/\/www.collectivememoryis.com\/wp-content\/uploads\/2025\/09\/rigaprojekt_elina-2-1536x1024.webp 1536w, https:\/\/www.collectivememoryis.com\/wp-content\/uploads\/2025\/09\/rigaprojekt_elina-2-scaled.webp 1920w\" sizes=\"(max-width: 800px) 100vw, 800px\" \/>\t\t\t\t\t\t\t\t\t\t\t\t\t\t\t<\/div>\n\t\t\t\t<\/div>\n\t\t\t\t<\/div>\n\t\t\t\t\t<\/div>\n\t\t\t\t<\/div>\n\t\t<div class=\"elementor-element elementor-element-52bf2be e-flex e-con-boxed e-con e-parent\" data-id=\"52bf2be\" data-element_type=\"container\" data-e-type=\"container\">\n\t\t\t\t\t<div class=\"e-con-inner\">\n\t\t<div class=\"elementor-element elementor-element-1268752 e-grid e-con-full e-con e-child\" data-id=\"1268752\" data-element_type=\"container\" data-e-type=\"container\" data-settings=\"{&quot;background_background&quot;:&quot;classic&quot;}\">\n\t\t\t\t<div class=\"elementor-element elementor-element-1843ff8 elementor-widget elementor-widget-heading\" data-id=\"1843ff8\" data-element_type=\"widget\" data-e-type=\"widget\" data-widget_type=\"heading.default\">\n\t\t\t\t<div class=\"elementor-widget-container\">\n\t\t\t\t\t<h2 class=\"elementor-heading-title elementor-size-default\">Double Truth: Reveal<\/h2>\t\t\t\t<\/div>\n\t\t\t\t<\/div>\n\t\t\t\t<\/div>\n\t\t<div class=\"elementor-element elementor-element-ed756b5 e-grid e-con-full e-con e-child\" data-id=\"ed756b5\" data-element_type=\"container\" data-e-type=\"container\">\n\t\t\t\t<div class=\"elementor-element elementor-element-213b704 elementor-widget elementor-widget-text-editor\" data-id=\"213b704\" data-element_type=\"widget\" data-e-type=\"widget\" data-widget_type=\"text-editor.default\">\n\t\t\t\t<div class=\"elementor-widget-container\">\n\t\t\t\t\t\t\t\t\t<p>solo exhibition of El\u012bna V\u012btola<\/p><p>curated by Diana Kn\u011b\u017e\u00ednkov\u00e1<\/p><p>Emil Filla Gallery in \u00dast\u00ed nad Labem (CZ)<br \/>12. 9. \u2014 9. 11. 2025<\/p><p><span style=\"text-decoration: underline;\"><span style=\"color: #695634;\"><a style=\"color: #695634; text-decoration: underline;\" href=\"https:\/\/www.collectivememoryis.com\/index.php\/en\/double-truth-reveal\/\">more about the exhibition<\/a><\/span><\/span><\/p>\t\t\t\t\t\t\t\t<\/div>\n\t\t\t\t<\/div>\n\t\t\t\t<div class=\"elementor-element elementor-element-48a8f38 elementor-widget elementor-widget-text-editor\" data-id=\"48a8f38\" data-element_type=\"widget\" data-e-type=\"widget\" data-widget_type=\"text-editor.default\">\n\t\t\t\t<div class=\"elementor-widget-container\">\n\t\t\t\t\t\t\t\t\t<p>The exhibition project aims to explore the topic of truth disclosure that includes a close person \u2013 a friend, a partner, or perhaps a family member. The exhibition presents works of the Latvian artist El\u012bna V\u012btola, who, in recent years, has been untangling the life and legacy of her relative while also using it as a source of inspiration for her own art practice. As she knew he was as well an artist and disappeared in the Second World War. However, while V\u012btola was looking for traces of his later life, she unmasked the truth.<\/p><p>Through this exhibition project, we are exploring how to use, exhibit, and talk about artworks inspired by the person who had been uncovered, and overall, how to personally deal with such a discovery. The exhibition will feature both new works inspired by the exposure of the truth, as well as works that were created earlier in connection with the inspirational elements of V\u012btola\u2019s relative; these works will be shown in a new context and updated interpretations.<\/p>\t\t\t\t\t\t\t\t<\/div>\n\t\t\t\t<\/div>\n\t\t\t\t<\/div>\n\t\t\t\t<div class=\"elementor-element elementor-element-daf8cf3 elementor-widget elementor-widget-spacer\" data-id=\"daf8cf3\" data-element_type=\"widget\" data-e-type=\"widget\" data-widget_type=\"spacer.default\">\n\t\t\t\t<div class=\"elementor-widget-container\">\n\t\t\t\t\t\t\t<div class=\"elementor-spacer\">\n\t\t\t<div class=\"elementor-spacer-inner\"><\/div>\n\t\t<\/div>\n\t\t\t\t\t\t<\/div>\n\t\t\t\t<\/div>\n\t\t\t\t<div class=\"elementor-element elementor-element-d8ac5e1 elementor-widget elementor-widget-spacer\" data-id=\"d8ac5e1\" data-element_type=\"widget\" data-e-type=\"widget\" data-widget_type=\"spacer.default\">\n\t\t\t\t<div class=\"elementor-widget-container\">\n\t\t\t\t\t\t\t<div class=\"elementor-spacer\">\n\t\t\t<div class=\"elementor-spacer-inner\"><\/div>\n\t\t<\/div>\n\t\t\t\t\t\t<\/div>\n\t\t\t\t<\/div>\n\t\t\t\t\t<\/div>\n\t\t\t\t<\/div>\n\t\t\t\t<\/div>\n\t\t","protected":false},"excerpt":{"rendered":"<p>El\u012bna V\u012btola El\u012bna&#8217;s conceptual work features expressive painting, complex objects, and site-specific projects inspired by personal stories. El\u012bna works with the medium of painting as a performative element, often combining this technique with ready-made objects or already existing everyday backdrops, which she imbues with new meaning by emphasizing their visuality. Within the framework of her [&hellip;]<\/p>\n","protected":false},"author":1,"featured_media":337,"parent":0,"menu_order":0,"comment_status":"closed","ping_status":"closed","template":"","meta":{"footnotes":""},"class_list":["post-457","page","type-page","status-publish","has-post-thumbnail","hentry"],"_links":{"self":[{"href":"https:\/\/www.collectivememoryis.com\/index.php\/wp-json\/wp\/v2\/pages\/457","targetHints":{"allow":["GET"]}}],"collection":[{"href":"https:\/\/www.collectivememoryis.com\/index.php\/wp-json\/wp\/v2\/pages"}],"about":[{"href":"https:\/\/www.collectivememoryis.com\/index.php\/wp-json\/wp\/v2\/types\/page"}],"author":[{"embeddable":true,"href":"https:\/\/www.collectivememoryis.com\/index.php\/wp-json\/wp\/v2\/users\/1"}],"replies":[{"embeddable":true,"href":"https:\/\/www.collectivememoryis.com\/index.php\/wp-json\/wp\/v2\/comments?post=457"}],"version-history":[{"count":14,"href":"https:\/\/www.collectivememoryis.com\/index.php\/wp-json\/wp\/v2\/pages\/457\/revisions"}],"predecessor-version":[{"id":780,"href":"https:\/\/www.collectivememoryis.com\/index.php\/wp-json\/wp\/v2\/pages\/457\/revisions\/780"}],"wp:featuredmedia":[{"embeddable":true,"href":"https:\/\/www.collectivememoryis.com\/index.php\/wp-json\/wp\/v2\/media\/337"}],"wp:attachment":[{"href":"https:\/\/www.collectivememoryis.com\/index.php\/wp-json\/wp\/v2\/media?parent=457"}],"curies":[{"name":"wp","href":"https:\/\/api.w.org\/{rel}","templated":true}]}}