{"id":845,"date":"2025-09-26T19:27:33","date_gmt":"2025-09-26T18:27:33","guid":{"rendered":"https:\/\/www.collectivememoryis.com\/?page_id=845"},"modified":"2025-09-26T20:49:04","modified_gmt":"2025-09-26T19:49:04","slug":"lecture-with-discussion","status":"publish","type":"page","link":"https:\/\/www.collectivememoryis.com\/index.php\/en\/lecture-with-discussion\/","title":{"rendered":"lecture with discussion"},"content":{"rendered":"\t\t<div data-elementor-type=\"wp-page\" data-elementor-id=\"845\" class=\"elementor elementor-845\" data-elementor-post-type=\"page\">\n\t\t\t\t<div class=\"elementor-element elementor-element-618cd88 e-flex e-con-boxed e-con e-parent\" data-id=\"618cd88\" data-element_type=\"container\" data-e-type=\"container\">\n\t\t\t\t\t<div class=\"e-con-inner\">\n\t\t\t\t<div class=\"elementor-element elementor-element-0d1cd09 elementor-widget elementor-widget-spacer\" data-id=\"0d1cd09\" data-element_type=\"widget\" data-e-type=\"widget\" data-widget_type=\"spacer.default\">\n\t\t\t\t<div class=\"elementor-widget-container\">\n\t\t\t\t\t\t\t<div class=\"elementor-spacer\">\n\t\t\t<div class=\"elementor-spacer-inner\"><\/div>\n\t\t<\/div>\n\t\t\t\t\t\t<\/div>\n\t\t\t\t<\/div>\n\t\t<div class=\"elementor-element elementor-element-4459140 e-grid e-con-full e-con e-child\" data-id=\"4459140\" data-element_type=\"container\" data-e-type=\"container\">\n\t\t\t\t<div class=\"elementor-element elementor-element-9736307 elementor-widget elementor-widget-heading\" data-id=\"9736307\" data-element_type=\"widget\" data-e-type=\"widget\" data-widget_type=\"heading.default\">\n\t\t\t\t<div class=\"elementor-widget-container\">\n\t\t\t\t\t<h2 class=\"elementor-heading-title elementor-size-default\">Generated truth: when a lie is more convincing than reality\n<\/h2>\t\t\t\t<\/div>\n\t\t\t\t<\/div>\n\t\t\t\t<\/div>\n\t\t<div class=\"elementor-element elementor-element-eaa11a3 e-grid e-con-full e-con e-child\" data-id=\"eaa11a3\" data-element_type=\"container\" data-e-type=\"container\">\n\t\t\t\t<div class=\"elementor-element elementor-element-d87684f elementor-widget__width-initial elementor-widget elementor-widget-text-editor\" data-id=\"d87684f\" data-element_type=\"widget\" data-e-type=\"widget\" data-widget_type=\"text-editor.default\">\n\t\t\t\t<div class=\"elementor-widget-container\">\n\t\t\t\t\t\t\t\t\t<p><span style=\"font-weight: 400;\">lecture<\/span> <span style=\"font-weight: 400;\">with discussion let by Ji\u0159\u00ed Philippe Janda<\/span><\/p><p>Emil Filla Gallery, \u00dast\u00ed nad Labem<\/p><p><span style=\"text-decoration: underline;\">8. 10. 2025 6 pm\u20138 pm<\/span><\/p><p>\u00a0<\/p><p><span style=\"font-weight: 400;\">Every era creates its own truth. Ours is no longer a reflection of reality, but a generated version of it \u2013 created by algorithms, filters and artificial intelligence. The lecture will focus on how our trust in images is changing and what hyperreality means, in which illusion seems more real than reality. Using examples from artistic practice and everyday experience, we will ask: what does \u201ctruth\u201d actually mean today? And do we even want to know it?<\/span><\/p><p><span style=\"font-weight: 400;\">The lecture will be in Czech language and is a part of the public program of the <span style=\"text-decoration: underline;\"><span style=\"color: #695634;\"><a style=\"color: #695634; text-decoration: underline;\" href=\"https:\/\/www.collectivememoryis.com\/index.php\/en\/double-truth-reveal\/\">Double Truth: Reveal<\/a><\/span><\/span> exhibition.<br \/><br \/><\/span><\/p><p><span style=\"font-weight: 400;\"><strong>Ji\u0159\u00ed Philippe Janda<\/strong> is a visual artist, architect and researcher in the field of generative art. In his work, he connects artificial intelligence with art and focuses on building immersive worlds and digital ecosystems, where technology and nature are interconnected and reality and hyperreality are interconnected. Using AI, video and spatial interventions, he creates narrative structures that reflect current anxieties and speculative visions of the future. He is the author of the award-winning video clip Class Reunion, which won the main prize at the Bali International AI Film Festival in 2025 and has been successful at film and art festivals around the world.<\/span><\/p>\t\t\t\t\t\t\t\t<\/div>\n\t\t\t\t<\/div>\n\t\t\t\t<div class=\"elementor-element elementor-element-8d99d8b elementor-widget elementor-widget-gallery\" data-id=\"8d99d8b\" data-element_type=\"widget\" data-e-type=\"widget\" data-settings=\"{&quot;columns&quot;:1,&quot;lazyload&quot;:&quot;yes&quot;,&quot;gallery_layout&quot;:&quot;grid&quot;,&quot;columns_tablet&quot;:2,&quot;columns_mobile&quot;:1,&quot;gap&quot;:{&quot;unit&quot;:&quot;px&quot;,&quot;size&quot;:10,&quot;sizes&quot;:[]},&quot;gap_tablet&quot;:{&quot;unit&quot;:&quot;px&quot;,&quot;size&quot;:10,&quot;sizes&quot;:[]},&quot;gap_mobile&quot;:{&quot;unit&quot;:&quot;px&quot;,&quot;size&quot;:10,&quot;sizes&quot;:[]},&quot;link_to&quot;:&quot;file&quot;,&quot;aspect_ratio&quot;:&quot;3:2&quot;,&quot;overlay_background&quot;:&quot;yes&quot;,&quot;content_hover_animation&quot;:&quot;fade-in&quot;}\" data-widget_type=\"gallery.default\">\n\t\t\t\t<div class=\"elementor-widget-container\">\n\t\t\t\t\t\t\t<div class=\"elementor-gallery__container\">\n\t\t\t\t\t\t\t<a class=\"e-gallery-item elementor-gallery-item elementor-animated-content\" href=\"https:\/\/www.collectivememoryis.com\/wp-content\/uploads\/2025\/09\/Double-Truth_-Reveal_Elina-Vitola_11-min-scaled.jpg\" data-elementor-open-lightbox=\"yes\" data-elementor-lightbox-slideshow=\"8d99d8b\" data-elementor-lightbox-title=\"Double Truth_ Reveal_Eli\u0304na Vi\u0304tola_11-min\" data-e-action-hash=\"#elementor-action%3Aaction%3Dlightbox%26settings%3DeyJpZCI6NzI2LCJ1cmwiOiJodHRwczpcL1wvd3d3LmNvbGxlY3RpdmVtZW1vcnlpcy5jb21cL3dwLWNvbnRlbnRcL3VwbG9hZHNcLzIwMjVcLzA5XC9Eb3VibGUtVHJ1dGhfLVJldmVhbF9FbGluYS1WaXRvbGFfMTEtbWluLXNjYWxlZC5qcGciLCJzbGlkZXNob3ciOiI4ZDk5ZDhiIn0%3D\">\n\t\t\t\t\t<div class=\"e-gallery-image elementor-gallery-item__image\" data-thumbnail=\"https:\/\/www.collectivememoryis.com\/wp-content\/uploads\/2025\/09\/Double-Truth_-Reveal_Elina-Vitola_11-min-1024x683.jpg\" data-width=\"800\" data-height=\"534\" aria-label=\"\" role=\"img\" ><\/div>\n\t\t\t\t\t\t\t\t\t\t\t<div class=\"elementor-gallery-item__overlay\"><\/div>\n\t\t\t\t\t\t\t\t\t\t\t\t\t\t<\/a>\n\t\t\t\t\t\t\t<a class=\"e-gallery-item elementor-gallery-item elementor-animated-content\" href=\"https:\/\/www.collectivememoryis.com\/wp-content\/uploads\/2025\/09\/Double-Truth_-Reveal_Elina-Vitola_5-min-scaled.jpg\" data-elementor-open-lightbox=\"yes\" data-elementor-lightbox-slideshow=\"8d99d8b\" data-elementor-lightbox-title=\"Double Truth_ Reveal_Eli\u0304na Vi\u0304tola_5-min\" data-e-action-hash=\"#elementor-action%3Aaction%3Dlightbox%26settings%3DeyJpZCI6NzIwLCJ1cmwiOiJodHRwczpcL1wvd3d3LmNvbGxlY3RpdmVtZW1vcnlpcy5jb21cL3dwLWNvbnRlbnRcL3VwbG9hZHNcLzIwMjVcLzA5XC9Eb3VibGUtVHJ1dGhfLVJldmVhbF9FbGluYS1WaXRvbGFfNS1taW4tc2NhbGVkLmpwZyIsInNsaWRlc2hvdyI6IjhkOTlkOGIifQ%3D%3D\">\n\t\t\t\t\t<div class=\"e-gallery-image elementor-gallery-item__image\" data-thumbnail=\"https:\/\/www.collectivememoryis.com\/wp-content\/uploads\/2025\/09\/Double-Truth_-Reveal_Elina-Vitola_5-min-1024x683.jpg\" data-width=\"800\" data-height=\"534\" aria-label=\"\" role=\"img\" ><\/div>\n\t\t\t\t\t\t\t\t\t\t\t<div class=\"elementor-gallery-item__overlay\"><\/div>\n\t\t\t\t\t\t\t\t\t\t\t\t\t\t<\/a>\n\t\t\t\t\t<\/div>\n\t\t\t\t\t<\/div>\n\t\t\t\t<\/div>\n\t\t\t\t<\/div>\n\t\t<div class=\"elementor-element elementor-element-f4ed3da e-grid e-con-full e-con e-child\" data-id=\"f4ed3da\" data-element_type=\"container\" data-e-type=\"container\" data-settings=\"{&quot;background_background&quot;:&quot;classic&quot;}\">\n\t\t\t\t<div class=\"elementor-element elementor-element-f082326 elementor-widget elementor-widget-heading\" data-id=\"f082326\" data-element_type=\"widget\" data-e-type=\"widget\" data-widget_type=\"heading.default\">\n\t\t\t\t<div class=\"elementor-widget-container\">\n\t\t\t\t\t<h2 class=\"elementor-heading-title elementor-size-default\">public program of the double truth: reveal exhibition<\/h2>\t\t\t\t<\/div>\n\t\t\t\t<\/div>\n\t\t\t\t<\/div>\n\t\t\t\t\t<\/div>\n\t\t\t\t<\/div>\n\t\t<div class=\"elementor-element elementor-element-52bf2be e-flex e-con-boxed e-con e-parent\" data-id=\"52bf2be\" data-element_type=\"container\" data-e-type=\"container\">\n\t\t\t\t\t<div class=\"e-con-inner\">\n\t\t<div class=\"elementor-element elementor-element-d4677d9 e-con-full e-grid e-con e-child\" data-id=\"d4677d9\" data-element_type=\"container\" data-e-type=\"container\">\n\t\t\t\t<div class=\"elementor-element elementor-element-64cb52b elementor-widget elementor-widget-text-editor\" data-id=\"64cb52b\" data-element_type=\"widget\" data-e-type=\"widget\" data-widget_type=\"text-editor.default\">\n\t\t\t\t<div class=\"elementor-widget-container\">\n\t\t\t\t\t\t\t\t\t<p><a href=\"https:\/\/www.collectivememoryis.com\/index.php\/en\/guided-tours\/\"><strong><span style=\"color: #695634;\">Guided tours<\/span><\/strong><\/a><\/p><p>with the exhibition curator <br \/>Diana Kn\u011b\u017e\u00ednkov\u00e1<\/p><p><span style=\"text-decoration: underline;\">2. 10. 2025 5 pm\u20136 pm<\/span><br \/><span style=\"text-decoration: underline;\">6. 11. 2025 5 pm\u20136 pm<\/span><\/p><p><strong><br \/><a href=\"https:\/\/www.collectivememoryis.com\/index.php\/en\/lecture-with-discussion\/\"><span style=\"color: #695634;\">Generated truth: when a lie is\u00a0<\/span><\/a><\/strong><span style=\"color: #695634;\"><strong>more convincing than reality<\/strong><\/span><\/p><p>lecture with discussion <br \/>Ji\u0159\u00ed Philippe Janda<\/p><p><span style=\"text-decoration: underline;\">8. 10. 2025 6 pm\u20138 pm<\/span><\/p>\t\t\t\t\t\t\t\t<\/div>\n\t\t\t\t<\/div>\n\t\t\t\t<div class=\"elementor-element elementor-element-9d68a33 elementor-widget elementor-widget-text-editor\" data-id=\"9d68a33\" data-element_type=\"widget\" data-e-type=\"widget\" data-widget_type=\"text-editor.default\">\n\t\t\t\t<div class=\"elementor-widget-container\">\n\t\t\t\t\t\t\t\t\t<p><span style=\"color: #695634;\"><a style=\"color: #695634;\" href=\"https:\/\/www.collectivememoryis.com\/index.php\/en\/performative-lecture\/\"><strong>What are we dreaming of when we are not dreaming of conquering space?<\/strong><\/a><\/span><\/p><p>performative lecture <br \/>Darja Lukjanenko<\/p><p><span style=\"text-decoration: underline;\">22. 10. 2025 6 pm\u20138 pm<\/span><\/p><p><strong><br \/><span style=\"color: #695634;\"><a style=\"color: #695634;\" href=\"https:\/\/www.collectivememoryis.com\/index.php\/en\/movement-workshop\/\">Collective Memories in Exhibition<\/a><\/span><\/strong><\/p><p>movement-based workshop<br \/>Orkun T\u00fcrkmen &amp; Barbora T\u00fcrkmen \u0160oganov\u00e1<\/p><p><span style=\"text-decoration: underline;\">5. 11. 2025 6 pm\u20138 pm<\/span><\/p>\t\t\t\t\t\t\t\t<\/div>\n\t\t\t\t<\/div>\n\t\t\t\t<\/div>\n\t\t\t\t<div class=\"elementor-element elementor-element-d8ac5e1 elementor-widget elementor-widget-spacer\" data-id=\"d8ac5e1\" data-element_type=\"widget\" data-e-type=\"widget\" data-widget_type=\"spacer.default\">\n\t\t\t\t<div class=\"elementor-widget-container\">\n\t\t\t\t\t\t\t<div class=\"elementor-spacer\">\n\t\t\t<div class=\"elementor-spacer-inner\"><\/div>\n\t\t<\/div>\n\t\t\t\t\t\t<\/div>\n\t\t\t\t<\/div>\n\t\t\t\t\t<\/div>\n\t\t\t\t<\/div>\n\t\t\t\t<\/div>\n\t\t","protected":false},"excerpt":{"rendered":"<p>Generated truth: when a lie is more convincing than reality lecture with discussion let by Ji\u0159\u00ed Philippe Janda Emil Filla Gallery, \u00dast\u00ed nad Labem 8. 10. 2025 6 pm\u20138 pm \u00a0 Every era creates its own truth. Ours is no longer a reflection of reality, but a generated version of it \u2013 created by algorithms, [&hellip;]<\/p>\n","protected":false},"author":1,"featured_media":337,"parent":0,"menu_order":0,"comment_status":"closed","ping_status":"closed","template":"","meta":{"footnotes":""},"class_list":["post-845","page","type-page","status-publish","has-post-thumbnail","hentry"],"_links":{"self":[{"href":"https:\/\/www.collectivememoryis.com\/index.php\/wp-json\/wp\/v2\/pages\/845","targetHints":{"allow":["GET"]}}],"collection":[{"href":"https:\/\/www.collectivememoryis.com\/index.php\/wp-json\/wp\/v2\/pages"}],"about":[{"href":"https:\/\/www.collectivememoryis.com\/index.php\/wp-json\/wp\/v2\/types\/page"}],"author":[{"embeddable":true,"href":"https:\/\/www.collectivememoryis.com\/index.php\/wp-json\/wp\/v2\/users\/1"}],"replies":[{"embeddable":true,"href":"https:\/\/www.collectivememoryis.com\/index.php\/wp-json\/wp\/v2\/comments?post=845"}],"version-history":[{"count":31,"href":"https:\/\/www.collectivememoryis.com\/index.php\/wp-json\/wp\/v2\/pages\/845\/revisions"}],"predecessor-version":[{"id":955,"href":"https:\/\/www.collectivememoryis.com\/index.php\/wp-json\/wp\/v2\/pages\/845\/revisions\/955"}],"wp:featuredmedia":[{"embeddable":true,"href":"https:\/\/www.collectivememoryis.com\/index.php\/wp-json\/wp\/v2\/media\/337"}],"wp:attachment":[{"href":"https:\/\/www.collectivememoryis.com\/index.php\/wp-json\/wp\/v2\/media?parent=845"}],"curies":[{"name":"wp","href":"https:\/\/api.w.org\/{rel}","templated":true}]}}