{"id":853,"date":"2025-09-26T19:36:56","date_gmt":"2025-09-26T18:36:56","guid":{"rendered":"https:\/\/www.collectivememoryis.com\/?page_id=853"},"modified":"2025-09-26T20:51:09","modified_gmt":"2025-09-26T19:51:09","slug":"performative-lecture","status":"publish","type":"page","link":"https:\/\/www.collectivememoryis.com\/index.php\/en\/performative-lecture\/","title":{"rendered":"performative lecture"},"content":{"rendered":"\t\t<div data-elementor-type=\"wp-page\" data-elementor-id=\"853\" class=\"elementor elementor-853\" data-elementor-post-type=\"page\">\n\t\t\t\t<div class=\"elementor-element elementor-element-618cd88 e-flex e-con-boxed e-con e-parent\" data-id=\"618cd88\" data-element_type=\"container\" data-e-type=\"container\">\n\t\t\t\t\t<div class=\"e-con-inner\">\n\t\t\t\t<div class=\"elementor-element elementor-element-0d1cd09 elementor-widget elementor-widget-spacer\" data-id=\"0d1cd09\" data-element_type=\"widget\" data-e-type=\"widget\" data-widget_type=\"spacer.default\">\n\t\t\t\t<div class=\"elementor-widget-container\">\n\t\t\t\t\t\t\t<div class=\"elementor-spacer\">\n\t\t\t<div class=\"elementor-spacer-inner\"><\/div>\n\t\t<\/div>\n\t\t\t\t\t\t<\/div>\n\t\t\t\t<\/div>\n\t\t<div class=\"elementor-element elementor-element-4459140 e-grid e-con-full e-con e-child\" data-id=\"4459140\" data-element_type=\"container\" data-e-type=\"container\">\n\t\t\t\t<div class=\"elementor-element elementor-element-9736307 elementor-widget elementor-widget-heading\" data-id=\"9736307\" data-element_type=\"widget\" data-e-type=\"widget\" data-widget_type=\"heading.default\">\n\t\t\t\t<div class=\"elementor-widget-container\">\n\t\t\t\t\t<h2 class=\"elementor-heading-title elementor-size-default\">What are we dreaming of when we are not dreaming of conquering space?<\/h2>\t\t\t\t<\/div>\n\t\t\t\t<\/div>\n\t\t\t\t<\/div>\n\t\t<div class=\"elementor-element elementor-element-eaa11a3 e-grid e-con-full e-con e-child\" data-id=\"eaa11a3\" data-element_type=\"container\" data-e-type=\"container\">\n\t\t\t\t<div class=\"elementor-element elementor-element-d87684f elementor-widget__width-initial elementor-widget elementor-widget-text-editor\" data-id=\"d87684f\" data-element_type=\"widget\" data-e-type=\"widget\" data-widget_type=\"text-editor.default\">\n\t\t\t\t<div class=\"elementor-widget-container\">\n\t\t\t\t\t\t\t\t\t<p><span style=\"font-weight: 400;\">performative lecture led by Darja Lukjanenko\u00a0<\/span><\/p><p>Emil Filla Gallery, \u00dast\u00ed nad Labem<\/p><p><span style=\"text-decoration: underline;\">22. 10. 2025 6 pm\u20138 pm<br \/><br \/><\/span><\/p><p><span style=\"font-weight: 400;\">What truths about ourselves can we uncover by examining humanity\u2019s desire to colonize and exploit other celestial bodies? This performative lecture invites the audience on a collective space trip \u2014 an introspective journey around topics of the universe, colonialism, and dreaming. Guided by Darja Lukjanenko, artist and researcher whose practice is inspired by a family history intertwined with the rocket industry in Soviet-occupied Ukraine, the lecture challenges the systems of power hidden behind dreams of space colonisation.<\/span><\/p><p><span style=\"font-weight: 400;\">Why should we approach space exploration as a cultural and political practice? How does contemporary art engage with the idea of space colonialism? By weaving together artistic research, speculative thought, and collective imagination, the session opens a space to reflect on our place in the universe \u2014 and to envision futures beyond colonial ambition and physical intervention.\u00a0<\/span><\/p><p><span style=\"font-weight: 400;\">The program will consist of 1,5 hours of lecture &amp; 30 minutes of a dreaming session, and it will be in the English language.\u00a0 The program\u00a0is a part of the public program of the <span style=\"text-decoration: underline;\"><span style=\"color: #695634;\"><a style=\"color: #695634; text-decoration: underline;\" href=\"https:\/\/www.collectivememoryis.com\/index.php\/en\/double-truth-reveal\/\">Double Truth: Reveal<\/a><\/span><\/span> exhibition.<br \/><br \/><\/span><\/p><p><span style=\"font-weight: 400;\"><strong>Darja Lukjanenko<\/strong> is an interdisciplinary artist working across performance, text, and gardening. Her research focuses on postcolonial identity and cultural practices for reconstructing collective memory in Ukraine after 2014. She is working interdisciplinarily across performance, text, and gardening. Her process is based on empathy stimulation practices and the study of domination-free forms of relationships. Since 2020 she has been confronting rockets and protesting cosmism.<\/span><\/p>\t\t\t\t\t\t\t\t<\/div>\n\t\t\t\t<\/div>\n\t\t\t\t<div class=\"elementor-element elementor-element-8d99d8b elementor-widget elementor-widget-gallery\" data-id=\"8d99d8b\" data-element_type=\"widget\" data-e-type=\"widget\" data-settings=\"{&quot;columns&quot;:1,&quot;lazyload&quot;:&quot;yes&quot;,&quot;gallery_layout&quot;:&quot;grid&quot;,&quot;columns_tablet&quot;:2,&quot;columns_mobile&quot;:1,&quot;gap&quot;:{&quot;unit&quot;:&quot;px&quot;,&quot;size&quot;:10,&quot;sizes&quot;:[]},&quot;gap_tablet&quot;:{&quot;unit&quot;:&quot;px&quot;,&quot;size&quot;:10,&quot;sizes&quot;:[]},&quot;gap_mobile&quot;:{&quot;unit&quot;:&quot;px&quot;,&quot;size&quot;:10,&quot;sizes&quot;:[]},&quot;link_to&quot;:&quot;file&quot;,&quot;aspect_ratio&quot;:&quot;3:2&quot;,&quot;overlay_background&quot;:&quot;yes&quot;,&quot;content_hover_animation&quot;:&quot;fade-in&quot;}\" data-widget_type=\"gallery.default\">\n\t\t\t\t<div class=\"elementor-widget-container\">\n\t\t\t\t\t\t\t<div class=\"elementor-gallery__container\">\n\t\t\t\t\t\t\t<a class=\"e-gallery-item elementor-gallery-item elementor-animated-content\" href=\"https:\/\/www.collectivememoryis.com\/wp-content\/uploads\/2025\/09\/Double-Truth_-Reveal_Elina-Vitola_3-min-1-scaled.jpg\" data-elementor-open-lightbox=\"yes\" data-elementor-lightbox-slideshow=\"8d99d8b\" data-elementor-lightbox-title=\"Double Truth_ Reveal_Eli\u0304na Vi\u0304tola_3-min\" data-e-action-hash=\"#elementor-action%3Aaction%3Dlightbox%26settings%3DeyJpZCI6ODU1LCJ1cmwiOiJodHRwczpcL1wvd3d3LmNvbGxlY3RpdmVtZW1vcnlpcy5jb21cL3dwLWNvbnRlbnRcL3VwbG9hZHNcLzIwMjVcLzA5XC9Eb3VibGUtVHJ1dGhfLVJldmVhbF9FbGluYS1WaXRvbGFfMy1taW4tMS1zY2FsZWQuanBnIiwic2xpZGVzaG93IjoiOGQ5OWQ4YiJ9\">\n\t\t\t\t\t<div class=\"e-gallery-image elementor-gallery-item__image\" data-thumbnail=\"https:\/\/www.collectivememoryis.com\/wp-content\/uploads\/2025\/09\/Double-Truth_-Reveal_Elina-Vitola_3-min-1-1024x683.jpg\" data-width=\"800\" data-height=\"534\" aria-label=\"\" role=\"img\" ><\/div>\n\t\t\t\t\t\t\t\t\t\t\t<div class=\"elementor-gallery-item__overlay\"><\/div>\n\t\t\t\t\t\t\t\t\t\t\t\t\t\t<\/a>\n\t\t\t\t\t\t\t<a class=\"e-gallery-item elementor-gallery-item elementor-animated-content\" href=\"https:\/\/www.collectivememoryis.com\/wp-content\/uploads\/2025\/09\/Double-Truth_-Reveal_Elina-Vitola_12-min-1-scaled.jpg\" data-elementor-open-lightbox=\"yes\" data-elementor-lightbox-slideshow=\"8d99d8b\" data-elementor-lightbox-title=\"Double Truth_ Reveal_Eli\u0304na Vi\u0304tola_12-min\" data-e-action-hash=\"#elementor-action%3Aaction%3Dlightbox%26settings%3DeyJpZCI6ODU2LCJ1cmwiOiJodHRwczpcL1wvd3d3LmNvbGxlY3RpdmVtZW1vcnlpcy5jb21cL3dwLWNvbnRlbnRcL3VwbG9hZHNcLzIwMjVcLzA5XC9Eb3VibGUtVHJ1dGhfLVJldmVhbF9FbGluYS1WaXRvbGFfMTItbWluLTEtc2NhbGVkLmpwZyIsInNsaWRlc2hvdyI6IjhkOTlkOGIifQ%3D%3D\">\n\t\t\t\t\t<div class=\"e-gallery-image elementor-gallery-item__image\" data-thumbnail=\"https:\/\/www.collectivememoryis.com\/wp-content\/uploads\/2025\/09\/Double-Truth_-Reveal_Elina-Vitola_12-min-1-1024x683.jpg\" data-width=\"800\" data-height=\"534\" aria-label=\"\" role=\"img\" ><\/div>\n\t\t\t\t\t\t\t\t\t\t\t<div class=\"elementor-gallery-item__overlay\"><\/div>\n\t\t\t\t\t\t\t\t\t\t\t\t\t\t<\/a>\n\t\t\t\t\t\t\t<a class=\"e-gallery-item elementor-gallery-item elementor-animated-content\" href=\"https:\/\/www.collectivememoryis.com\/wp-content\/uploads\/2025\/09\/Double-Truth_-Reveal_Elina-Vitola_6-min-1-scaled.jpg\" data-elementor-open-lightbox=\"yes\" data-elementor-lightbox-slideshow=\"8d99d8b\" data-elementor-lightbox-title=\"Double Truth_ Reveal_Eli\u0304na Vi\u0304tola_6-min\" data-e-action-hash=\"#elementor-action%3Aaction%3Dlightbox%26settings%3DeyJpZCI6ODU3LCJ1cmwiOiJodHRwczpcL1wvd3d3LmNvbGxlY3RpdmVtZW1vcnlpcy5jb21cL3dwLWNvbnRlbnRcL3VwbG9hZHNcLzIwMjVcLzA5XC9Eb3VibGUtVHJ1dGhfLVJldmVhbF9FbGluYS1WaXRvbGFfNi1taW4tMS1zY2FsZWQuanBnIiwic2xpZGVzaG93IjoiOGQ5OWQ4YiJ9\">\n\t\t\t\t\t<div class=\"e-gallery-image elementor-gallery-item__image\" data-thumbnail=\"https:\/\/www.collectivememoryis.com\/wp-content\/uploads\/2025\/09\/Double-Truth_-Reveal_Elina-Vitola_6-min-1-1024x683.jpg\" data-width=\"800\" data-height=\"534\" aria-label=\"\" role=\"img\" ><\/div>\n\t\t\t\t\t\t\t\t\t\t\t<div class=\"elementor-gallery-item__overlay\"><\/div>\n\t\t\t\t\t\t\t\t\t\t\t\t\t\t<\/a>\n\t\t\t\t\t<\/div>\n\t\t\t\t\t<\/div>\n\t\t\t\t<\/div>\n\t\t\t\t<\/div>\n\t\t<div class=\"elementor-element elementor-element-f4ed3da e-grid e-con-full e-con e-child\" data-id=\"f4ed3da\" data-element_type=\"container\" data-e-type=\"container\" data-settings=\"{&quot;background_background&quot;:&quot;classic&quot;}\">\n\t\t\t\t<div class=\"elementor-element elementor-element-f082326 elementor-widget elementor-widget-heading\" data-id=\"f082326\" data-element_type=\"widget\" data-e-type=\"widget\" data-widget_type=\"heading.default\">\n\t\t\t\t<div class=\"elementor-widget-container\">\n\t\t\t\t\t<h2 class=\"elementor-heading-title elementor-size-default\">public program of the double truth: reveal exhibition<\/h2>\t\t\t\t<\/div>\n\t\t\t\t<\/div>\n\t\t\t\t<\/div>\n\t\t\t\t\t<\/div>\n\t\t\t\t<\/div>\n\t\t<div class=\"elementor-element elementor-element-52bf2be e-flex e-con-boxed e-con e-parent\" data-id=\"52bf2be\" data-element_type=\"container\" data-e-type=\"container\">\n\t\t\t\t\t<div class=\"e-con-inner\">\n\t\t<div class=\"elementor-element elementor-element-d4677d9 e-con-full e-grid e-con e-child\" data-id=\"d4677d9\" data-element_type=\"container\" data-e-type=\"container\">\n\t\t\t\t<div class=\"elementor-element elementor-element-64cb52b elementor-widget elementor-widget-text-editor\" data-id=\"64cb52b\" data-element_type=\"widget\" data-e-type=\"widget\" data-widget_type=\"text-editor.default\">\n\t\t\t\t<div class=\"elementor-widget-container\">\n\t\t\t\t\t\t\t\t\t<p><a href=\"https:\/\/www.collectivememoryis.com\/index.php\/en\/guided-tours\/\"><strong><span style=\"color: #695634;\">Guided tours<\/span><\/strong><\/a><\/p><p>with the exhibition curator <br \/>Diana Kn\u011b\u017e\u00ednkov\u00e1<\/p><p><span style=\"text-decoration: underline;\">2. 10. 2025 5 pm\u20136 pm<\/span><br \/><span style=\"text-decoration: underline;\">6. 11. 2025 5 pm\u20136 pm<\/span><\/p><p><strong><br \/><a href=\"https:\/\/www.collectivememoryis.com\/index.php\/en\/lecture-with-discussion\/\"><span style=\"color: #695634;\">Generated truth: when a lie is\u00a0<\/span><\/a><\/strong><span style=\"color: #695634;\"><strong>more convincing than reality<\/strong><\/span><\/p><p>lecture with discussion <br \/>Ji\u0159\u00ed Philippe Janda<\/p><p><span style=\"text-decoration: underline;\">8. 10. 2025 6 pm\u20138 pm<\/span><\/p>\t\t\t\t\t\t\t\t<\/div>\n\t\t\t\t<\/div>\n\t\t\t\t<div class=\"elementor-element elementor-element-9d68a33 elementor-widget elementor-widget-text-editor\" data-id=\"9d68a33\" data-element_type=\"widget\" data-e-type=\"widget\" data-widget_type=\"text-editor.default\">\n\t\t\t\t<div class=\"elementor-widget-container\">\n\t\t\t\t\t\t\t\t\t<p><span style=\"color: #695634;\"><a style=\"color: #695634;\" href=\"https:\/\/www.collectivememoryis.com\/index.php\/en\/performative-lecture\/\"><strong>What are we dreaming of when we are not dreaming of conquering space?<\/strong><\/a><\/span><\/p><p>performative lecture <br \/>Darja Lukjanenko<\/p><p><span style=\"text-decoration: underline;\">22. 10. 2025 6 pm\u20138 pm<\/span><\/p><p><strong><br \/><span style=\"color: #695634;\"><a style=\"color: #695634;\" href=\"https:\/\/www.collectivememoryis.com\/index.php\/en\/movement-workshop\/\">Collective Memories in Exhibition<\/a><\/span><\/strong><\/p><p>movement-based workshop<br \/>Orkun T\u00fcrkmen &amp; Barbora T\u00fcrkmen \u0160oganov\u00e1<\/p><p><span style=\"text-decoration: underline;\">5. 11. 2025 6 pm\u20138 pm<\/span><\/p>\t\t\t\t\t\t\t\t<\/div>\n\t\t\t\t<\/div>\n\t\t\t\t<\/div>\n\t\t\t\t<div class=\"elementor-element elementor-element-d8ac5e1 elementor-widget elementor-widget-spacer\" data-id=\"d8ac5e1\" data-element_type=\"widget\" data-e-type=\"widget\" data-widget_type=\"spacer.default\">\n\t\t\t\t<div class=\"elementor-widget-container\">\n\t\t\t\t\t\t\t<div class=\"elementor-spacer\">\n\t\t\t<div class=\"elementor-spacer-inner\"><\/div>\n\t\t<\/div>\n\t\t\t\t\t\t<\/div>\n\t\t\t\t<\/div>\n\t\t\t\t\t<\/div>\n\t\t\t\t<\/div>\n\t\t\t\t<\/div>\n\t\t","protected":false},"excerpt":{"rendered":"<p>What are we dreaming of when we are not dreaming of conquering space? performative lecture led by Darja Lukjanenko\u00a0 Emil Filla Gallery, \u00dast\u00ed nad Labem 22. 10. 2025 6 pm\u20138 pm What truths about ourselves can we uncover by examining humanity\u2019s desire to colonize and exploit other celestial bodies? This performative lecture invites the audience [&hellip;]<\/p>\n","protected":false},"author":1,"featured_media":337,"parent":0,"menu_order":0,"comment_status":"closed","ping_status":"closed","template":"","meta":{"footnotes":""},"class_list":["post-853","page","type-page","status-publish","has-post-thumbnail","hentry"],"_links":{"self":[{"href":"https:\/\/www.collectivememoryis.com\/index.php\/wp-json\/wp\/v2\/pages\/853","targetHints":{"allow":["GET"]}}],"collection":[{"href":"https:\/\/www.collectivememoryis.com\/index.php\/wp-json\/wp\/v2\/pages"}],"about":[{"href":"https:\/\/www.collectivememoryis.com\/index.php\/wp-json\/wp\/v2\/types\/page"}],"author":[{"embeddable":true,"href":"https:\/\/www.collectivememoryis.com\/index.php\/wp-json\/wp\/v2\/users\/1"}],"replies":[{"embeddable":true,"href":"https:\/\/www.collectivememoryis.com\/index.php\/wp-json\/wp\/v2\/comments?post=853"}],"version-history":[{"count":16,"href":"https:\/\/www.collectivememoryis.com\/index.php\/wp-json\/wp\/v2\/pages\/853\/revisions"}],"predecessor-version":[{"id":962,"href":"https:\/\/www.collectivememoryis.com\/index.php\/wp-json\/wp\/v2\/pages\/853\/revisions\/962"}],"wp:featuredmedia":[{"embeddable":true,"href":"https:\/\/www.collectivememoryis.com\/index.php\/wp-json\/wp\/v2\/media\/337"}],"wp:attachment":[{"href":"https:\/\/www.collectivememoryis.com\/index.php\/wp-json\/wp\/v2\/media?parent=853"}],"curies":[{"name":"wp","href":"https:\/\/api.w.org\/{rel}","templated":true}]}}