{"id":872,"date":"2025-09-26T19:48:32","date_gmt":"2025-09-26T18:48:32","guid":{"rendered":"https:\/\/www.collectivememoryis.com\/?page_id=872"},"modified":"2025-09-26T20:50:06","modified_gmt":"2025-09-26T19:50:06","slug":"movement-workshop","status":"publish","type":"page","link":"https:\/\/www.collectivememoryis.com\/index.php\/en\/movement-workshop\/","title":{"rendered":"movement workshop"},"content":{"rendered":"\t\t<div data-elementor-type=\"wp-page\" data-elementor-id=\"872\" class=\"elementor elementor-872\" data-elementor-post-type=\"page\">\n\t\t\t\t<div class=\"elementor-element elementor-element-618cd88 e-flex e-con-boxed e-con e-parent\" data-id=\"618cd88\" data-element_type=\"container\" data-e-type=\"container\">\n\t\t\t\t\t<div class=\"e-con-inner\">\n\t\t\t\t<div class=\"elementor-element elementor-element-0d1cd09 elementor-widget elementor-widget-spacer\" data-id=\"0d1cd09\" data-element_type=\"widget\" data-e-type=\"widget\" data-widget_type=\"spacer.default\">\n\t\t\t\t<div class=\"elementor-widget-container\">\n\t\t\t\t\t\t\t<div class=\"elementor-spacer\">\n\t\t\t<div class=\"elementor-spacer-inner\"><\/div>\n\t\t<\/div>\n\t\t\t\t\t\t<\/div>\n\t\t\t\t<\/div>\n\t\t<div class=\"elementor-element elementor-element-4459140 e-grid e-con-full e-con e-child\" data-id=\"4459140\" data-element_type=\"container\" data-e-type=\"container\">\n\t\t\t\t<div class=\"elementor-element elementor-element-9736307 elementor-widget elementor-widget-heading\" data-id=\"9736307\" data-element_type=\"widget\" data-e-type=\"widget\" data-widget_type=\"heading.default\">\n\t\t\t\t<div class=\"elementor-widget-container\">\n\t\t\t\t\t<h2 class=\"elementor-heading-title elementor-size-default\">Collective Memories in Exhibition<\/h2>\t\t\t\t<\/div>\n\t\t\t\t<\/div>\n\t\t\t\t<\/div>\n\t\t<div class=\"elementor-element elementor-element-eaa11a3 e-grid e-con-full e-con e-child\" data-id=\"eaa11a3\" data-element_type=\"container\" data-e-type=\"container\">\n\t\t\t\t<div class=\"elementor-element elementor-element-d87684f elementor-widget__width-initial elementor-widget elementor-widget-text-editor\" data-id=\"d87684f\" data-element_type=\"widget\" data-e-type=\"widget\" data-widget_type=\"text-editor.default\">\n\t\t\t\t<div class=\"elementor-widget-container\">\n\t\t\t\t\t\t\t\t\t<p><span style=\"font-weight: 400;\">movement-based workshop led by Orkun T\u00fcrkmen &amp; Barbora T\u00fcrkmen <\/span><\/p><p>Emil Filla Gallery, \u00dast\u00ed nad Labem<\/p><p><span style=\"text-decoration: underline;\">5. 11. 2025 6 pm\u20138pm<br \/><br \/><\/span><\/p><p><span style=\"font-weight: 400;\">We invite you to a movement-based workshop that develops in dialogue with the exhibition. The workshop offers a series of embodied invitations shaped by the notion of collective memories.<\/span><\/p><p><span style=\"font-weight: 400;\">Throughout the workshop, participants are invited to enter into a dialogue with the exhibition works through body and movement \u2014shifting from passive viewing to active encounter. Guided movement improvisations, connected with the form or content of each work, bring us closer to the exhibition and deepen our understanding of collective memory. The workshop creates space to sense, reflect, and share; while asking new questions about how memories are experienced, carried, and transformed through movement and within the collective.<\/span><\/p><p><span style=\"font-weight: 400;\">The workshop is open for everyone. No prior dance or theatre experience is needed &#8211; just a willingness to explore new ways of thinking and moving!<\/span><\/p><p><span style=\"font-weight: 400;\">The workshop will be in Czech &amp; English <\/span>and is a part of the public program of the <span style=\"text-decoration: underline;\"><span style=\"color: #695634;\"><a style=\"color: #695634; text-decoration: underline;\" href=\"https:\/\/www.collectivememoryis.com\/index.php\/en\/double-truth-reveal\/\">Double Truth: Reveal<\/a><\/span><\/span> exhibition.<\/p><p><span style=\"font-weight: 400;\"><strong><br \/>Orkun T\u00fcrkmen<\/strong> is a performer and facilitator based in Brno, Czech Republic. Studied Acting (BA) at Anadolu University in Turkey and continued training in Physical Theatre in Spain (ESAD-G) and the Czech Republic (JAMU). Completed an MFA at Anadolu University with a focus on devised theatre, both practical and theoretical. His artistic practice is rooted in collective creation, play, and audience participation, often developing projects from scratch at the intersection of movement and audience engagement. Alongside performance, Orkun is dedicated to community-based practices.Focuses on inclusive and accessible practices for shared experiences where the artistic and social aspects are balancing; where people can meet beyond borders, discrimination, and under kinesthetic empathy.<\/span><\/p><p><span style=\"font-weight: 400;\"><strong>Barbora T\u00fcrkmen<\/strong> is a performer, facilitator and clown based in Brno, Czech republic. Studied Puppetry (MFA) at V\u0160MU in Bratislava and Physical theater (MFA) at JAMU in Brno. In her artistic practice she is focused on devising and authorial theater which connects various theatre forms such as physical theater, puppetry, dance, clowning and music. She is particularly interested in the social aspect of theatre and uses her experience in artistic work with various social groups.<\/span><\/p><p><span style=\"font-weight: 400;\"><strong>Barbora<\/strong> &amp;<strong>\u00a0Orkun<\/strong> are founders of the collective Yolda (2025), focusing on movement-based creation, audience engagement, and socially engaged performances.<\/span><\/p>\t\t\t\t\t\t\t\t<\/div>\n\t\t\t\t<\/div>\n\t\t\t\t<div class=\"elementor-element elementor-element-8d99d8b elementor-widget elementor-widget-gallery\" data-id=\"8d99d8b\" data-element_type=\"widget\" data-e-type=\"widget\" data-settings=\"{&quot;columns&quot;:1,&quot;aspect_ratio&quot;:&quot;1:1&quot;,&quot;lazyload&quot;:&quot;yes&quot;,&quot;gallery_layout&quot;:&quot;grid&quot;,&quot;columns_tablet&quot;:2,&quot;columns_mobile&quot;:1,&quot;gap&quot;:{&quot;unit&quot;:&quot;px&quot;,&quot;size&quot;:10,&quot;sizes&quot;:[]},&quot;gap_tablet&quot;:{&quot;unit&quot;:&quot;px&quot;,&quot;size&quot;:10,&quot;sizes&quot;:[]},&quot;gap_mobile&quot;:{&quot;unit&quot;:&quot;px&quot;,&quot;size&quot;:10,&quot;sizes&quot;:[]},&quot;link_to&quot;:&quot;file&quot;,&quot;overlay_background&quot;:&quot;yes&quot;,&quot;content_hover_animation&quot;:&quot;fade-in&quot;}\" data-widget_type=\"gallery.default\">\n\t\t\t\t<div class=\"elementor-widget-container\">\n\t\t\t\t\t\t\t<div class=\"elementor-gallery__container\">\n\t\t\t\t\t\t\t<a class=\"e-gallery-item elementor-gallery-item elementor-animated-content\" href=\"https:\/\/www.collectivememoryis.com\/wp-content\/uploads\/2025\/09\/7d25201f-2a29-4b23-89fc-ad95ec6f9313.jpg\" data-elementor-open-lightbox=\"yes\" data-elementor-lightbox-slideshow=\"8d99d8b\" data-elementor-lightbox-title=\"7d25201f-2a29-4b23-89fc-ad95ec6f9313\" data-e-action-hash=\"#elementor-action%3Aaction%3Dlightbox%26settings%3DeyJpZCI6ODc0LCJ1cmwiOiJodHRwczpcL1wvd3d3LmNvbGxlY3RpdmVtZW1vcnlpcy5jb21cL3dwLWNvbnRlbnRcL3VwbG9hZHNcLzIwMjVcLzA5XC83ZDI1MjAxZi0yYTI5LTRiMjMtODlmYy1hZDk1ZWM2ZjkzMTMuanBnIiwic2xpZGVzaG93IjoiOGQ5OWQ4YiJ9\">\n\t\t\t\t\t<div class=\"e-gallery-image elementor-gallery-item__image\" data-thumbnail=\"https:\/\/www.collectivememoryis.com\/wp-content\/uploads\/2025\/09\/7d25201f-2a29-4b23-89fc-ad95ec6f9313-933x1024.jpg\" data-width=\"800\" data-height=\"878\" aria-label=\"\" role=\"img\" ><\/div>\n\t\t\t\t\t\t\t\t\t\t\t<div class=\"elementor-gallery-item__overlay\"><\/div>\n\t\t\t\t\t\t\t\t\t\t\t\t\t\t<\/a>\n\t\t\t\t\t\t\t<a class=\"e-gallery-item elementor-gallery-item elementor-animated-content\" href=\"https:\/\/www.collectivememoryis.com\/wp-content\/uploads\/2025\/09\/09.03MagicCarpets-47.jpg\" data-elementor-open-lightbox=\"yes\" data-elementor-lightbox-slideshow=\"8d99d8b\" data-elementor-lightbox-title=\"09.03MagicCarpets-47\" data-e-action-hash=\"#elementor-action%3Aaction%3Dlightbox%26settings%3DeyJpZCI6ODc1LCJ1cmwiOiJodHRwczpcL1wvd3d3LmNvbGxlY3RpdmVtZW1vcnlpcy5jb21cL3dwLWNvbnRlbnRcL3VwbG9hZHNcLzIwMjVcLzA5XC8wOS4wM01hZ2ljQ2FycGV0cy00Ny5qcGciLCJzbGlkZXNob3ciOiI4ZDk5ZDhiIn0%3D\">\n\t\t\t\t\t<div class=\"e-gallery-image elementor-gallery-item__image\" data-thumbnail=\"https:\/\/www.collectivememoryis.com\/wp-content\/uploads\/2025\/09\/09.03MagicCarpets-47-966x1024.jpg\" data-width=\"800\" data-height=\"848\" aria-label=\"\" role=\"img\" ><\/div>\n\t\t\t\t\t\t\t\t\t\t\t<div class=\"elementor-gallery-item__overlay\"><\/div>\n\t\t\t\t\t\t\t\t\t\t\t\t\t\t<\/a>\n\t\t\t\t\t<\/div>\n\t\t\t\t\t<\/div>\n\t\t\t\t<\/div>\n\t\t\t\t<\/div>\n\t\t<div class=\"elementor-element elementor-element-f4ed3da e-grid e-con-full e-con e-child\" data-id=\"f4ed3da\" data-element_type=\"container\" data-e-type=\"container\" data-settings=\"{&quot;background_background&quot;:&quot;classic&quot;}\">\n\t\t\t\t<div class=\"elementor-element elementor-element-f082326 elementor-widget elementor-widget-heading\" data-id=\"f082326\" data-element_type=\"widget\" data-e-type=\"widget\" data-widget_type=\"heading.default\">\n\t\t\t\t<div class=\"elementor-widget-container\">\n\t\t\t\t\t<h2 class=\"elementor-heading-title elementor-size-default\">public program of the double truth: reveal exhibition<\/h2>\t\t\t\t<\/div>\n\t\t\t\t<\/div>\n\t\t\t\t<\/div>\n\t\t\t\t\t<\/div>\n\t\t\t\t<\/div>\n\t\t<div class=\"elementor-element elementor-element-52bf2be e-flex e-con-boxed e-con e-parent\" data-id=\"52bf2be\" data-element_type=\"container\" data-e-type=\"container\">\n\t\t\t\t\t<div class=\"e-con-inner\">\n\t\t<div class=\"elementor-element elementor-element-d4677d9 e-con-full e-grid e-con e-child\" data-id=\"d4677d9\" data-element_type=\"container\" data-e-type=\"container\">\n\t\t\t\t<div class=\"elementor-element elementor-element-64cb52b elementor-widget elementor-widget-text-editor\" data-id=\"64cb52b\" data-element_type=\"widget\" data-e-type=\"widget\" data-widget_type=\"text-editor.default\">\n\t\t\t\t<div class=\"elementor-widget-container\">\n\t\t\t\t\t\t\t\t\t<p><a href=\"https:\/\/www.collectivememoryis.com\/index.php\/en\/guided-tours\/\"><strong><span style=\"color: #695634;\">Guided tours<\/span><\/strong><\/a><\/p><p>with the exhibition curator <br \/>Diana Kn\u011b\u017e\u00ednkov\u00e1<\/p><p><span style=\"text-decoration: underline;\">2. 10. 2025 5 pm\u20136 pm<\/span><br \/><span style=\"text-decoration: underline;\">6. 11. 2025 5 pm\u20136 pm<\/span><\/p><p><strong><br \/><a href=\"https:\/\/www.collectivememoryis.com\/index.php\/en\/lecture-with-discussion\/\"><span style=\"color: #695634;\">Generated truth: when a lie is\u00a0<\/span><\/a><\/strong><span style=\"color: #695634;\"><strong>more convincing than reality<\/strong><\/span><\/p><p>lecture with discussion <br \/>Ji\u0159\u00ed Philippe Janda<\/p><p><span style=\"text-decoration: underline;\">8. 10. 2025 6 pm\u20138 pm<\/span><\/p>\t\t\t\t\t\t\t\t<\/div>\n\t\t\t\t<\/div>\n\t\t\t\t<div class=\"elementor-element elementor-element-9d68a33 elementor-widget elementor-widget-text-editor\" data-id=\"9d68a33\" data-element_type=\"widget\" data-e-type=\"widget\" data-widget_type=\"text-editor.default\">\n\t\t\t\t<div class=\"elementor-widget-container\">\n\t\t\t\t\t\t\t\t\t<p><span style=\"color: #695634;\"><a style=\"color: #695634;\" href=\"https:\/\/www.collectivememoryis.com\/index.php\/en\/performative-lecture\/\"><strong>What are we dreaming of when we are not dreaming of conquering space?<\/strong><\/a><\/span><\/p><p>performative lecture <br \/>Darja Lukjanenko<\/p><p><span style=\"text-decoration: underline;\">22. 10. 2025 6 pm\u20138 pm<\/span><\/p><p><strong><br \/><span style=\"color: #695634;\"><a style=\"color: #695634;\" href=\"https:\/\/www.collectivememoryis.com\/index.php\/en\/movement-workshop\/\">Collective Memories in Exhibition<\/a><\/span><\/strong><\/p><p>movement-based workshop<br \/>Orkun T\u00fcrkmen &amp; Barbora T\u00fcrkmen \u0160oganov\u00e1<\/p><p><span style=\"text-decoration: underline;\">5. 11. 2025 6 pm\u20138 pm<\/span><\/p>\t\t\t\t\t\t\t\t<\/div>\n\t\t\t\t<\/div>\n\t\t\t\t<\/div>\n\t\t\t\t<div class=\"elementor-element elementor-element-d8ac5e1 elementor-widget elementor-widget-spacer\" data-id=\"d8ac5e1\" data-element_type=\"widget\" data-e-type=\"widget\" data-widget_type=\"spacer.default\">\n\t\t\t\t<div class=\"elementor-widget-container\">\n\t\t\t\t\t\t\t<div class=\"elementor-spacer\">\n\t\t\t<div class=\"elementor-spacer-inner\"><\/div>\n\t\t<\/div>\n\t\t\t\t\t\t<\/div>\n\t\t\t\t<\/div>\n\t\t\t\t\t<\/div>\n\t\t\t\t<\/div>\n\t\t\t\t<\/div>\n\t\t","protected":false},"excerpt":{"rendered":"<p>Collective Memories in Exhibition movement-based workshop led by Orkun T\u00fcrkmen &amp; Barbora T\u00fcrkmen Emil Filla Gallery, \u00dast\u00ed nad Labem 5. 11. 2025 6 pm\u20138pm We invite you to a movement-based workshop that develops in dialogue with the exhibition. The workshop offers a series of embodied invitations shaped by the notion of collective memories. Throughout the [&hellip;]<\/p>\n","protected":false},"author":1,"featured_media":337,"parent":0,"menu_order":0,"comment_status":"closed","ping_status":"closed","template":"","meta":{"footnotes":""},"class_list":["post-872","page","type-page","status-publish","has-post-thumbnail","hentry"],"_links":{"self":[{"href":"https:\/\/www.collectivememoryis.com\/index.php\/wp-json\/wp\/v2\/pages\/872","targetHints":{"allow":["GET"]}}],"collection":[{"href":"https:\/\/www.collectivememoryis.com\/index.php\/wp-json\/wp\/v2\/pages"}],"about":[{"href":"https:\/\/www.collectivememoryis.com\/index.php\/wp-json\/wp\/v2\/types\/page"}],"author":[{"embeddable":true,"href":"https:\/\/www.collectivememoryis.com\/index.php\/wp-json\/wp\/v2\/users\/1"}],"replies":[{"embeddable":true,"href":"https:\/\/www.collectivememoryis.com\/index.php\/wp-json\/wp\/v2\/comments?post=872"}],"version-history":[{"count":13,"href":"https:\/\/www.collectivememoryis.com\/index.php\/wp-json\/wp\/v2\/pages\/872\/revisions"}],"predecessor-version":[{"id":959,"href":"https:\/\/www.collectivememoryis.com\/index.php\/wp-json\/wp\/v2\/pages\/872\/revisions\/959"}],"wp:featuredmedia":[{"embeddable":true,"href":"https:\/\/www.collectivememoryis.com\/index.php\/wp-json\/wp\/v2\/media\/337"}],"wp:attachment":[{"href":"https:\/\/www.collectivememoryis.com\/index.php\/wp-json\/wp\/v2\/media?parent=872"}],"curies":[{"name":"wp","href":"https:\/\/api.w.org\/{rel}","templated":true}]}}